
{"id":61027,"date":"2021-07-27T16:53:26","date_gmt":"2021-07-27T15:28:04","guid":{"rendered":"https:\/\/stage.shop-cellularswiss.ch\/produit\/music-sound-earphones-capsule-universale-2\/"},"modified":"2021-07-27T17:28:06","modified_gmt":"2021-07-27T15:28:06","slug":"music-sound-earphones-capsule-universale-2","status":"publish","type":"product","link":"https:\/\/stage.shop-cellularswiss.ch\/de\/produit\/music-sound-earphones-capsule-universale-2\/","title":{"rendered":"MUSIC SOUND EARPHONES CAPSULE &#8211; UNIVERSALE"},"content":{"rendered":"<p>Mit diesen Headsets k\u00f6nnen Sie Ihre Lieblingstracks anh\u00f6ren. Dank des Mikrofons mit integrierter Rufannahmetaste k\u00f6nnen Sie Ihre Gespr\u00e4che extrem leicht f\u00fchren.<\/p>\n","protected":false},"excerpt":{"rendered":"<p>Headset mit Kapseldesign und Mikrofon<\/p>\n","protected":false},"featured_media":47326,"comment_status":"closed","ping_status":"closed","template":"","meta":{"_et_pb_use_builder":"","_et_pb_old_content":"","_et_gb_content_width":""},"pwb-brand":[],"product_cat":[472,489],"product_tag":[],"compatibilite":[],"compatibilite_smartphone":[],"brands":[],"_links":{"self":[{"href":"https:\/\/stage.shop-cellularswiss.ch\/de\/wp-json\/wp\/v2\/product\/61027"}],"collection":[{"href":"https:\/\/stage.shop-cellularswiss.ch\/de\/wp-json\/wp\/v2\/product"}],"about":[{"href":"https:\/\/stage.shop-cellularswiss.ch\/de\/wp-json\/wp\/v2\/types\/product"}],"replies":[{"embeddable":true,"href":"https:\/\/stage.shop-cellularswiss.ch\/de\/wp-json\/wp\/v2\/comments?post=61027"}],"wp:featuredmedia":[{"embeddable":true,"href":"https:\/\/stage.shop-cellularswiss.ch\/de\/wp-json\/wp\/v2\/media\/47326"}],"wp:attachment":[{"href":"https:\/\/stage.shop-cellularswiss.ch\/de\/wp-json\/wp\/v2\/media?parent=61027"}],"wp:term":[{"taxonomy":"pwb-brand","embeddable":true,"href":"https:\/\/stage.shop-cellularswiss.ch\/de\/wp-json\/wp\/v2\/pwb-brand?post=61027"},{"taxonomy":"product_cat","embeddable":true,"href":"https:\/\/stage.shop-cellularswiss.ch\/de\/wp-json\/wp\/v2\/product_cat?post=61027"},{"taxonomy":"product_tag","embeddable":true,"href":"https:\/\/stage.shop-cellularswiss.ch\/de\/wp-json\/wp\/v2\/product_tag?post=61027"},{"taxonomy":"compatibilite","embeddable":true,"href":"https:\/\/stage.shop-cellularswiss.ch\/de\/wp-json\/wp\/v2\/compatibilite?post=61027"},{"taxonomy":"compatibilite_smartphone","embeddable":true,"href":"https:\/\/stage.shop-cellularswiss.ch\/de\/wp-json\/wp\/v2\/compatibilite_smartphone?post=61027"}],"curies":[{"name":"wp","href":"https:\/\/api.w.org\/{rel}","templated":true}]}}