
{"id":61033,"date":"2021-07-27T16:53:45","date_gmt":"2021-07-27T15:28:17","guid":{"rendered":"https:\/\/stage.shop-cellularswiss.ch\/produit\/bounce-airpods-3\/"},"modified":"2021-07-27T17:28:25","modified_gmt":"2021-07-27T15:28:25","slug":"bounce-airpods-3","status":"publish","type":"product","link":"https:\/\/stage.shop-cellularswiss.ch\/de\/produit\/bounce-airpods-3\/","title":{"rendered":"Bounce &#8211; AirPods 3"},"content":{"rendered":"<p>Bounce ist die Schutzh\u00fclle aus weichem Soft-Touch-Silikon, die deine AirPods-Ladeh\u00fclle vor Kratzern, Schmutz und St\u00fcrzen sch\u00fctzt. Mit dem praktischen Haken l\u00e4sst sich die H\u00fclle an der Handtasche oder an den G\u00fcrtelschlaufen befestigen. Dank einfachem Zugang zur Steckverbindung und Wireless-Charging-Kompatibilit\u00e4t k\u00f6nnen die AirPods aufgeladen werden, ohne die Abdeckung zu entfernen.<\/p>\n","protected":false},"excerpt":{"rendered":"<p>Schutzh\u00fclle f\u00fcr AirPods aus Soft-Touch-Silikon mit Haken<\/p>\n","protected":false},"featured_media":60604,"comment_status":"closed","ping_status":"closed","template":"","meta":{"_et_pb_use_builder":"","_et_pb_old_content":"","_et_gb_content_width":""},"pwb-brand":[],"product_cat":[544,542],"product_tag":[],"compatibilite":[],"compatibilite_smartphone":[],"brands":[],"_links":{"self":[{"href":"https:\/\/stage.shop-cellularswiss.ch\/de\/wp-json\/wp\/v2\/product\/61033"}],"collection":[{"href":"https:\/\/stage.shop-cellularswiss.ch\/de\/wp-json\/wp\/v2\/product"}],"about":[{"href":"https:\/\/stage.shop-cellularswiss.ch\/de\/wp-json\/wp\/v2\/types\/product"}],"replies":[{"embeddable":true,"href":"https:\/\/stage.shop-cellularswiss.ch\/de\/wp-json\/wp\/v2\/comments?post=61033"}],"wp:featuredmedia":[{"embeddable":true,"href":"https:\/\/stage.shop-cellularswiss.ch\/de\/wp-json\/wp\/v2\/media\/60604"}],"wp:attachment":[{"href":"https:\/\/stage.shop-cellularswiss.ch\/de\/wp-json\/wp\/v2\/media?parent=61033"}],"wp:term":[{"taxonomy":"pwb-brand","embeddable":true,"href":"https:\/\/stage.shop-cellularswiss.ch\/de\/wp-json\/wp\/v2\/pwb-brand?post=61033"},{"taxonomy":"product_cat","embeddable":true,"href":"https:\/\/stage.shop-cellularswiss.ch\/de\/wp-json\/wp\/v2\/product_cat?post=61033"},{"taxonomy":"product_tag","embeddable":true,"href":"https:\/\/stage.shop-cellularswiss.ch\/de\/wp-json\/wp\/v2\/product_tag?post=61033"},{"taxonomy":"compatibilite","embeddable":true,"href":"https:\/\/stage.shop-cellularswiss.ch\/de\/wp-json\/wp\/v2\/compatibilite?post=61033"},{"taxonomy":"compatibilite_smartphone","embeddable":true,"href":"https:\/\/stage.shop-cellularswiss.ch\/de\/wp-json\/wp\/v2\/compatibilite_smartphone?post=61033"}],"curies":[{"name":"wp","href":"https:\/\/api.w.org\/{rel}","templated":true}]}}