
{"id":61037,"date":"2021-07-27T16:53:55","date_gmt":"2021-07-27T15:28:24","guid":{"rendered":"https:\/\/stage.shop-cellularswiss.ch\/produit\/escape\/"},"modified":"2021-07-27T17:28:30","modified_gmt":"2021-07-27T15:28:30","slug":"escape","status":"publish","type":"product","link":"https:\/\/stage.shop-cellularswiss.ch\/de\/produit\/escape\/","title":{"rendered":"Escape"},"content":{"rendered":"<p>ESCAPE ist ein True Wireless Headset in Kapselform. Es ist ausgestattet mit Environment Noise Cancelling-Technologie, dank der unsere Gespr\u00e4chspartner einen klaren Klang ohne Hintergrundger\u00e4usche wahrnehmen. Der wiedergegebene Sound wird dar\u00fcber hinaus von der Technologie Qualcomm.aptx verst\u00e4rkt, womit ESCAPE das perfekte Headset zur Verwendung sowohl mit dem Telefon als auch mit dem PC ist. Die Kapselform erh\u00f6ht den Komfort des Headsets ESCAPE, das sich auch bei l\u00e4ngeren Gespr\u00e4chen leicht und bequem tragen l\u00e4sst.<\/p>\n","protected":false},"excerpt":{"rendered":"<p>Wireless Headset mit Kapselform und Environment Noise Cancelling-Technologie<\/p>\n","protected":false},"featured_media":60372,"comment_status":"closed","ping_status":"closed","template":"","meta":{"_et_pb_use_builder":"","_et_pb_old_content":"","_et_gb_content_width":""},"pwb-brand":[],"product_cat":[472],"product_tag":[],"compatibilite":[],"compatibilite_smartphone":[],"brands":[],"_links":{"self":[{"href":"https:\/\/stage.shop-cellularswiss.ch\/de\/wp-json\/wp\/v2\/product\/61037"}],"collection":[{"href":"https:\/\/stage.shop-cellularswiss.ch\/de\/wp-json\/wp\/v2\/product"}],"about":[{"href":"https:\/\/stage.shop-cellularswiss.ch\/de\/wp-json\/wp\/v2\/types\/product"}],"replies":[{"embeddable":true,"href":"https:\/\/stage.shop-cellularswiss.ch\/de\/wp-json\/wp\/v2\/comments?post=61037"}],"wp:featuredmedia":[{"embeddable":true,"href":"https:\/\/stage.shop-cellularswiss.ch\/de\/wp-json\/wp\/v2\/media\/60372"}],"wp:attachment":[{"href":"https:\/\/stage.shop-cellularswiss.ch\/de\/wp-json\/wp\/v2\/media?parent=61037"}],"wp:term":[{"taxonomy":"pwb-brand","embeddable":true,"href":"https:\/\/stage.shop-cellularswiss.ch\/de\/wp-json\/wp\/v2\/pwb-brand?post=61037"},{"taxonomy":"product_cat","embeddable":true,"href":"https:\/\/stage.shop-cellularswiss.ch\/de\/wp-json\/wp\/v2\/product_cat?post=61037"},{"taxonomy":"product_tag","embeddable":true,"href":"https:\/\/stage.shop-cellularswiss.ch\/de\/wp-json\/wp\/v2\/product_tag?post=61037"},{"taxonomy":"compatibilite","embeddable":true,"href":"https:\/\/stage.shop-cellularswiss.ch\/de\/wp-json\/wp\/v2\/compatibilite?post=61037"},{"taxonomy":"compatibilite_smartphone","embeddable":true,"href":"https:\/\/stage.shop-cellularswiss.ch\/de\/wp-json\/wp\/v2\/compatibilite_smartphone?post=61037"}],"curies":[{"name":"wp","href":"https:\/\/api.w.org\/{rel}","templated":true}]}}