
{"id":61040,"date":"2021-07-27T16:54:04","date_gmt":"2021-07-27T15:28:28","guid":{"rendered":"https:\/\/stage.shop-cellularswiss.ch\/produit\/headband-bluetooth-ms-basic-univ\/"},"modified":"2021-07-27T17:28:33","modified_gmt":"2021-07-27T15:28:33","slug":"headband-bluetooth-ms-basic-univ","status":"publish","type":"product","link":"https:\/\/stage.shop-cellularswiss.ch\/de\/produit\/headband-bluetooth-ms-basic-univ\/","title":{"rendered":"Headband Bluetooth MS Basic Univ."},"content":{"rendered":"<p>Das Headset BASIC Music Sound ist f\u00fcr alle gedacht, die unterwegs gerne Musik h\u00f6ren. Mit der Fernbedienung an den Kopfh\u00f6rermuscheln k\u00f6nnen Musik und Anrufe in absoluter Freiheit verwaltet werden. Der ausziehbare B\u00fcgel und die weichen Kopfh\u00f6rermuscheln gew\u00e4hrleisten optimalen Komfort auch bei l\u00e4ngerem Gebrauch.<\/p>\n","protected":false},"excerpt":{"rendered":"<p>Bluetooth-Headset f\u00fcr ein fantastisches Musikerlebnis<\/p>\n","protected":false},"featured_media":59620,"comment_status":"closed","ping_status":"closed","template":"","meta":{"_et_pb_use_builder":"","_et_pb_old_content":"","_et_gb_content_width":""},"pwb-brand":[],"product_cat":[472,474],"product_tag":[],"compatibilite":[],"compatibilite_smartphone":[4415,4414,4429,4430,4658],"brands":[],"_links":{"self":[{"href":"https:\/\/stage.shop-cellularswiss.ch\/de\/wp-json\/wp\/v2\/product\/61040"}],"collection":[{"href":"https:\/\/stage.shop-cellularswiss.ch\/de\/wp-json\/wp\/v2\/product"}],"about":[{"href":"https:\/\/stage.shop-cellularswiss.ch\/de\/wp-json\/wp\/v2\/types\/product"}],"replies":[{"embeddable":true,"href":"https:\/\/stage.shop-cellularswiss.ch\/de\/wp-json\/wp\/v2\/comments?post=61040"}],"wp:featuredmedia":[{"embeddable":true,"href":"https:\/\/stage.shop-cellularswiss.ch\/de\/wp-json\/wp\/v2\/media\/59620"}],"wp:attachment":[{"href":"https:\/\/stage.shop-cellularswiss.ch\/de\/wp-json\/wp\/v2\/media?parent=61040"}],"wp:term":[{"taxonomy":"pwb-brand","embeddable":true,"href":"https:\/\/stage.shop-cellularswiss.ch\/de\/wp-json\/wp\/v2\/pwb-brand?post=61040"},{"taxonomy":"product_cat","embeddable":true,"href":"https:\/\/stage.shop-cellularswiss.ch\/de\/wp-json\/wp\/v2\/product_cat?post=61040"},{"taxonomy":"product_tag","embeddable":true,"href":"https:\/\/stage.shop-cellularswiss.ch\/de\/wp-json\/wp\/v2\/product_tag?post=61040"},{"taxonomy":"compatibilite","embeddable":true,"href":"https:\/\/stage.shop-cellularswiss.ch\/de\/wp-json\/wp\/v2\/compatibilite?post=61040"},{"taxonomy":"compatibilite_smartphone","embeddable":true,"href":"https:\/\/stage.shop-cellularswiss.ch\/de\/wp-json\/wp\/v2\/compatibilite_smartphone?post=61040"}],"curies":[{"name":"wp","href":"https:\/\/api.w.org\/{rel}","templated":true}]}}