
{"id":61041,"date":"2021-07-27T16:54:07","date_gmt":"2021-07-27T15:28:32","guid":{"rendered":"https:\/\/stage.shop-cellularswiss.ch\/produit\/headband-bt-ms-around\/"},"modified":"2021-07-27T17:28:44","modified_gmt":"2021-07-27T15:28:44","slug":"headband-bt-ms-around","status":"publish","type":"product","link":"https:\/\/stage.shop-cellularswiss.ch\/de\/produit\/headband-bt-ms-around\/","title":{"rendered":"Headband BT MS Around"},"content":{"rendered":"<p>AROUND von Music Sound ist das ideale Headset zum l\u00e4ngeren Anh\u00f6ren Ihrer Lieblingssongs. Viele verschiedene Muster und Farben f\u00fcr ein Headset im Zeichen des Komforts. Die weichen Around-the-Ear-Kopfh\u00f6rermuscheln und der ausziehbare B\u00fcgel gew\u00e4hrleisten hohen Komfort bei der Nutzung. Das Headset AROUND von Music Sound hat eine Wiedergabezeit von 20 Stunden und ist mit einer weichen Schutzh\u00fclle f\u00fcr den Transport ausgestattet .<\/p>\n","protected":false},"excerpt":{"rendered":"<p>Ideales Bluetooth-Headset f\u00fcr ein extra-komfortables H\u00f6rerlebnis<\/p>\n","protected":false},"featured_media":59988,"comment_status":"closed","ping_status":"closed","template":"","meta":{"_et_pb_use_builder":"","_et_pb_old_content":"","_et_gb_content_width":""},"pwb-brand":[],"product_cat":[472,474],"product_tag":[],"compatibilite":[],"compatibilite_smartphone":[4384,4436,4443,4441,4417,4419,4420,4418,4437,4439,4438,4446,4442,4445,4444,4440,4358,4435,4433,4434,4385,4388,4387,4421,4402,4413,4406,4414,4405,4408,4403,4407,4404,4410,4422,4427,4428,4423,4401,4400,4431,4425,4424,4393,4397,4416,4411,4426,4659,4658,4392,4391],"brands":[],"_links":{"self":[{"href":"https:\/\/stage.shop-cellularswiss.ch\/de\/wp-json\/wp\/v2\/product\/61041"}],"collection":[{"href":"https:\/\/stage.shop-cellularswiss.ch\/de\/wp-json\/wp\/v2\/product"}],"about":[{"href":"https:\/\/stage.shop-cellularswiss.ch\/de\/wp-json\/wp\/v2\/types\/product"}],"replies":[{"embeddable":true,"href":"https:\/\/stage.shop-cellularswiss.ch\/de\/wp-json\/wp\/v2\/comments?post=61041"}],"wp:featuredmedia":[{"embeddable":true,"href":"https:\/\/stage.shop-cellularswiss.ch\/de\/wp-json\/wp\/v2\/media\/59988"}],"wp:attachment":[{"href":"https:\/\/stage.shop-cellularswiss.ch\/de\/wp-json\/wp\/v2\/media?parent=61041"}],"wp:term":[{"taxonomy":"pwb-brand","embeddable":true,"href":"https:\/\/stage.shop-cellularswiss.ch\/de\/wp-json\/wp\/v2\/pwb-brand?post=61041"},{"taxonomy":"product_cat","embeddable":true,"href":"https:\/\/stage.shop-cellularswiss.ch\/de\/wp-json\/wp\/v2\/product_cat?post=61041"},{"taxonomy":"product_tag","embeddable":true,"href":"https:\/\/stage.shop-cellularswiss.ch\/de\/wp-json\/wp\/v2\/product_tag?post=61041"},{"taxonomy":"compatibilite","embeddable":true,"href":"https:\/\/stage.shop-cellularswiss.ch\/de\/wp-json\/wp\/v2\/compatibilite?post=61041"},{"taxonomy":"compatibilite_smartphone","embeddable":true,"href":"https:\/\/stage.shop-cellularswiss.ch\/de\/wp-json\/wp\/v2\/compatibilite_smartphone?post=61041"}],"curies":[{"name":"wp","href":"https:\/\/api.w.org\/{rel}","templated":true}]}}