
{"id":61048,"date":"2021-07-27T16:54:27","date_gmt":"2021-07-27T15:28:42","guid":{"rendered":"https:\/\/stage.shop-cellularswiss.ch\/produit\/bt-earphones-tws-in-ear-ms\/"},"modified":"2021-07-27T17:28:58","modified_gmt":"2021-07-27T15:28:58","slug":"bt-earphones-tws-in-ear-ms","status":"publish","type":"product","link":"https:\/\/stage.shop-cellularswiss.ch\/de\/produit\/bt-earphones-tws-in-ear-ms\/","title":{"rendered":"BT Earphones TWS in Ear MS"},"content":{"rendered":"<p>Das Headset IN EAR Music Sound ist bequem, jugendlich und bunt. Es ist gedacht f\u00fcr junge Leute, die ihre Lieblingssongs dank der komplett drahtlosen True Wireless-Technologie in vollkommener Freiheit anh\u00f6ren m\u00f6chten. Die In-Ear-Form des Headsets stellt einen Sound mit kr\u00e4ftigen B\u00e4ssen und eine immersive Klangqualit\u00e4t sicher. Die Original-Schutzh\u00fclle erm\u00f6glicht es, das Headset bis zu 5 Mal f\u00fcr insgesamt 25 Stunden Musikwiedergabezeit aufzuladen.<\/p>\n","protected":false},"excerpt":{"rendered":"<p>Drahtloses Bluetooth Headset mit Ladeh\u00fclle<\/p>\n","protected":false},"featured_media":59776,"comment_status":"closed","ping_status":"closed","template":"","meta":{"_et_pb_use_builder":"","_et_pb_old_content":"","_et_gb_content_width":""},"pwb-brand":[],"product_cat":[472],"product_tag":[],"compatibilite":[],"compatibilite_smartphone":[4384,4436,4443,4441,4417,4419,4420,4418,4437,4439,4438,4446,4442,4445,4444,4440,4358,4435,4433,4434,4385,4388,4387,4421,4402,4413,4406,4414,4405,4408,4403,4407,4404,4410,4422,4427,4428,4423,4401,4400,4431,4425,4424,4393,4397,4416,4411,4426,4659,4658,4392,4391],"brands":[],"_links":{"self":[{"href":"https:\/\/stage.shop-cellularswiss.ch\/de\/wp-json\/wp\/v2\/product\/61048"}],"collection":[{"href":"https:\/\/stage.shop-cellularswiss.ch\/de\/wp-json\/wp\/v2\/product"}],"about":[{"href":"https:\/\/stage.shop-cellularswiss.ch\/de\/wp-json\/wp\/v2\/types\/product"}],"replies":[{"embeddable":true,"href":"https:\/\/stage.shop-cellularswiss.ch\/de\/wp-json\/wp\/v2\/comments?post=61048"}],"wp:featuredmedia":[{"embeddable":true,"href":"https:\/\/stage.shop-cellularswiss.ch\/de\/wp-json\/wp\/v2\/media\/59776"}],"wp:attachment":[{"href":"https:\/\/stage.shop-cellularswiss.ch\/de\/wp-json\/wp\/v2\/media?parent=61048"}],"wp:term":[{"taxonomy":"pwb-brand","embeddable":true,"href":"https:\/\/stage.shop-cellularswiss.ch\/de\/wp-json\/wp\/v2\/pwb-brand?post=61048"},{"taxonomy":"product_cat","embeddable":true,"href":"https:\/\/stage.shop-cellularswiss.ch\/de\/wp-json\/wp\/v2\/product_cat?post=61048"},{"taxonomy":"product_tag","embeddable":true,"href":"https:\/\/stage.shop-cellularswiss.ch\/de\/wp-json\/wp\/v2\/product_tag?post=61048"},{"taxonomy":"compatibilite","embeddable":true,"href":"https:\/\/stage.shop-cellularswiss.ch\/de\/wp-json\/wp\/v2\/compatibilite?post=61048"},{"taxonomy":"compatibilite_smartphone","embeddable":true,"href":"https:\/\/stage.shop-cellularswiss.ch\/de\/wp-json\/wp\/v2\/compatibilite_smartphone?post=61048"}],"curies":[{"name":"wp","href":"https:\/\/api.w.org\/{rel}","templated":true}]}}