
{"id":61059,"date":"2021-07-27T16:54:57","date_gmt":"2021-07-27T15:29:03","guid":{"rendered":"https:\/\/stage.shop-cellularswiss.ch\/produit\/bluetooth-headband-with-mic\/"},"modified":"2021-07-27T17:29:11","modified_gmt":"2021-07-27T15:29:11","slug":"bluetooth-headband-with-mic","status":"publish","type":"product","link":"https:\/\/stage.shop-cellularswiss.ch\/de\/produit\/bluetooth-headband-with-mic\/","title":{"rendered":"Bluetooth Headband with mic"},"content":{"rendered":"<p>Das Bluetooth-Headset Music Sound ist bunt, leicht und perfekt zum Musikh\u00f6ren an jedem Ort. Die Drahtfreiheit erm\u00f6glicht komplette Bewegungsfreiheit und dank der weichen Kopfh\u00f6rermuscheln und des ausziehbaren B\u00fcgels k\u00f6nnen Sie Ihren Lieblingssongs in vollkommenem Komfort lauschen. Mit den Tasten an den Kopfh\u00f6rermuscheln k\u00f6nnen Anrufe und Playlists aus der Ferne mit einer Gesamtwiedergabezeit von 6 Stunden verwaltet werden.<\/p>\n","protected":false},"excerpt":{"rendered":"<p>Bluetooth-Headset zum Anh\u00f6ren Ihrer Musik an jedem Ort!<\/p>\n","protected":false},"featured_media":60652,"comment_status":"closed","ping_status":"closed","template":"","meta":{"_et_pb_use_builder":"","_et_pb_old_content":"","_et_gb_content_width":""},"pwb-brand":[],"product_cat":[472,474],"product_tag":[],"compatibilite":[],"compatibilite_smartphone":[4384,4436,4443,4441,4417,4419,4420,4418,4437,4439,4438,4446,4442,4445,4444,4440,4358,4435,4433,4434,4385,4388,4387,4421,4402,4413,4406,4414,4405,4408,4403,4407,4404,4410,4422,4427,4428,4423,4401,4400,4431,4425,4424,4393,4397,4416,4411,4426,4659,4658,4392,4391],"brands":[],"_links":{"self":[{"href":"https:\/\/stage.shop-cellularswiss.ch\/de\/wp-json\/wp\/v2\/product\/61059"}],"collection":[{"href":"https:\/\/stage.shop-cellularswiss.ch\/de\/wp-json\/wp\/v2\/product"}],"about":[{"href":"https:\/\/stage.shop-cellularswiss.ch\/de\/wp-json\/wp\/v2\/types\/product"}],"replies":[{"embeddable":true,"href":"https:\/\/stage.shop-cellularswiss.ch\/de\/wp-json\/wp\/v2\/comments?post=61059"}],"wp:featuredmedia":[{"embeddable":true,"href":"https:\/\/stage.shop-cellularswiss.ch\/de\/wp-json\/wp\/v2\/media\/60652"}],"wp:attachment":[{"href":"https:\/\/stage.shop-cellularswiss.ch\/de\/wp-json\/wp\/v2\/media?parent=61059"}],"wp:term":[{"taxonomy":"pwb-brand","embeddable":true,"href":"https:\/\/stage.shop-cellularswiss.ch\/de\/wp-json\/wp\/v2\/pwb-brand?post=61059"},{"taxonomy":"product_cat","embeddable":true,"href":"https:\/\/stage.shop-cellularswiss.ch\/de\/wp-json\/wp\/v2\/product_cat?post=61059"},{"taxonomy":"product_tag","embeddable":true,"href":"https:\/\/stage.shop-cellularswiss.ch\/de\/wp-json\/wp\/v2\/product_tag?post=61059"},{"taxonomy":"compatibilite","embeddable":true,"href":"https:\/\/stage.shop-cellularswiss.ch\/de\/wp-json\/wp\/v2\/compatibilite?post=61059"},{"taxonomy":"compatibilite_smartphone","embeddable":true,"href":"https:\/\/stage.shop-cellularswiss.ch\/de\/wp-json\/wp\/v2\/compatibilite_smartphone?post=61059"}],"curies":[{"name":"wp","href":"https:\/\/api.w.org\/{rel}","templated":true}]}}