
{"id":61069,"date":"2021-07-27T16:55:27","date_gmt":"2021-07-27T15:29:22","guid":{"rendered":"https:\/\/stage.shop-cellularswiss.ch\/produit\/bluetooth-speaker-ms-fluid-led\/"},"modified":"2021-07-27T17:29:28","modified_gmt":"2021-07-27T15:29:28","slug":"bluetooth-speaker-ms-fluid-led","status":"publish","type":"product","link":"https:\/\/stage.shop-cellularswiss.ch\/de\/produit\/bluetooth-speaker-ms-fluid-led\/","title":{"rendered":"Bluetooth Speaker MS Fluid Led"},"content":{"rendered":"<p>Mit dem AUX MUSIC CABLE k\u00f6nnen Sie Musik und Audioinhalte von Ihrem Smartphone \u00fcber Ihr Autoradio, Ihre Stereoanlage oder \u00fcber tragbare Lautsprecher wiedergeben. Es ist 75 cm lang und in Schwarz erh\u00e4ltlich.<\/p>\n","protected":false},"excerpt":{"rendered":"<p>Bluetooth-Lautsprecher Musik Sound mit 5 Watt Leistung und LED-Leuchten<\/p>\n","protected":false},"featured_media":60432,"comment_status":"closed","ping_status":"closed","template":"","meta":{"_et_pb_use_builder":"","_et_pb_old_content":"","_et_gb_content_width":""},"pwb-brand":[],"product_cat":[472,484],"product_tag":[],"compatibilite":[],"compatibilite_smartphone":[],"brands":[],"_links":{"self":[{"href":"https:\/\/stage.shop-cellularswiss.ch\/de\/wp-json\/wp\/v2\/product\/61069"}],"collection":[{"href":"https:\/\/stage.shop-cellularswiss.ch\/de\/wp-json\/wp\/v2\/product"}],"about":[{"href":"https:\/\/stage.shop-cellularswiss.ch\/de\/wp-json\/wp\/v2\/types\/product"}],"replies":[{"embeddable":true,"href":"https:\/\/stage.shop-cellularswiss.ch\/de\/wp-json\/wp\/v2\/comments?post=61069"}],"wp:featuredmedia":[{"embeddable":true,"href":"https:\/\/stage.shop-cellularswiss.ch\/de\/wp-json\/wp\/v2\/media\/60432"}],"wp:attachment":[{"href":"https:\/\/stage.shop-cellularswiss.ch\/de\/wp-json\/wp\/v2\/media?parent=61069"}],"wp:term":[{"taxonomy":"pwb-brand","embeddable":true,"href":"https:\/\/stage.shop-cellularswiss.ch\/de\/wp-json\/wp\/v2\/pwb-brand?post=61069"},{"taxonomy":"product_cat","embeddable":true,"href":"https:\/\/stage.shop-cellularswiss.ch\/de\/wp-json\/wp\/v2\/product_cat?post=61069"},{"taxonomy":"product_tag","embeddable":true,"href":"https:\/\/stage.shop-cellularswiss.ch\/de\/wp-json\/wp\/v2\/product_tag?post=61069"},{"taxonomy":"compatibilite","embeddable":true,"href":"https:\/\/stage.shop-cellularswiss.ch\/de\/wp-json\/wp\/v2\/compatibilite?post=61069"},{"taxonomy":"compatibilite_smartphone","embeddable":true,"href":"https:\/\/stage.shop-cellularswiss.ch\/de\/wp-json\/wp\/v2\/compatibilite_smartphone?post=61069"}],"curies":[{"name":"wp","href":"https:\/\/api.w.org\/{rel}","templated":true}]}}