
{"id":61073,"date":"2021-07-27T17:29:30","date_gmt":"2021-07-27T15:29:30","guid":{"rendered":"https:\/\/stage.shop-cellularswiss.ch\/produit\/sprinter\/"},"modified":"2021-07-27T17:29:32","modified_gmt":"2021-07-27T15:29:32","slug":"sprinter","status":"publish","type":"product","link":"https:\/\/stage.shop-cellularswiss.ch\/de\/produit\/sprinter\/","title":{"rendered":"SPRINTER"},"content":{"rendered":"<p>Suchen Sie ein Bluetooth-Headset f\u00fcr den Sport mit einer Gesamtspielzeit von \u00fcber 30 Stunden? Jetzt gibt das drahtlose Headset Sprinter. Mit Sprinter wird es einfach wie nie zuvor, mit Ihrer Lieblingsmusik zu trainieren, dank einer Akkulaufzeit von 9 Stunden und einem Ladecase, das bis zu 3 volle Ladevorg\u00e4nge erm\u00f6glicht. Die Schutzklasse IPX5 sch\u00fctzt das Headset vor Regen und Schwei\u00df, die B\u00fcgel verhindern, dass sie verloren gehen, so wird Ihr Training unter allen Bedingungen sichergestellt.<\/p>\n","protected":false},"excerpt":{"rendered":"<p>Sprinter, das Bluetooth\u00ae-Headset mit formbarem B\u00fcgel und Ladecase, mit \u00fcber 30 Stunden Gesamtspielzeit \u2013 ideal f\u00fcr den Sport<\/p>\n","protected":false},"featured_media":59804,"comment_status":"closed","ping_status":"open","template":"","meta":{"_et_pb_use_builder":"","_et_pb_old_content":"","_et_gb_content_width":""},"pwb-brand":[],"product_cat":[493,512],"product_tag":[],"compatibilite":[],"compatibilite_smartphone":[],"brands":[],"_links":{"self":[{"href":"https:\/\/stage.shop-cellularswiss.ch\/de\/wp-json\/wp\/v2\/product\/61073"}],"collection":[{"href":"https:\/\/stage.shop-cellularswiss.ch\/de\/wp-json\/wp\/v2\/product"}],"about":[{"href":"https:\/\/stage.shop-cellularswiss.ch\/de\/wp-json\/wp\/v2\/types\/product"}],"replies":[{"embeddable":true,"href":"https:\/\/stage.shop-cellularswiss.ch\/de\/wp-json\/wp\/v2\/comments?post=61073"}],"wp:featuredmedia":[{"embeddable":true,"href":"https:\/\/stage.shop-cellularswiss.ch\/de\/wp-json\/wp\/v2\/media\/59804"}],"wp:attachment":[{"href":"https:\/\/stage.shop-cellularswiss.ch\/de\/wp-json\/wp\/v2\/media?parent=61073"}],"wp:term":[{"taxonomy":"pwb-brand","embeddable":true,"href":"https:\/\/stage.shop-cellularswiss.ch\/de\/wp-json\/wp\/v2\/pwb-brand?post=61073"},{"taxonomy":"product_cat","embeddable":true,"href":"https:\/\/stage.shop-cellularswiss.ch\/de\/wp-json\/wp\/v2\/product_cat?post=61073"},{"taxonomy":"product_tag","embeddable":true,"href":"https:\/\/stage.shop-cellularswiss.ch\/de\/wp-json\/wp\/v2\/product_tag?post=61073"},{"taxonomy":"compatibilite","embeddable":true,"href":"https:\/\/stage.shop-cellularswiss.ch\/de\/wp-json\/wp\/v2\/compatibilite?post=61073"},{"taxonomy":"compatibilite_smartphone","embeddable":true,"href":"https:\/\/stage.shop-cellularswiss.ch\/de\/wp-json\/wp\/v2\/compatibilite_smartphone?post=61073"}],"curies":[{"name":"wp","href":"https:\/\/api.w.org\/{rel}","templated":true}]}}