
{"id":61074,"date":"2021-07-27T16:55:42","date_gmt":"2021-07-27T15:29:30","guid":{"rendered":"https:\/\/stage.shop-cellularswiss.ch\/produit\/earphones-bt-tws-tuck\/"},"modified":"2021-07-27T17:29:43","modified_gmt":"2021-07-27T15:29:43","slug":"earphones-bt-tws-tuck","status":"publish","type":"product","link":"https:\/\/stage.shop-cellularswiss.ch\/de\/produit\/earphones-bt-tws-tuck\/","title":{"rendered":"Earphones BT TWS Tuck"},"content":{"rendered":"<p>TUCK ist das Bluetooth\u00ae-Headset in Kapselform mit originellen Farben und einem verchromten Finish. Gr\u00fcn, Blau, Beige und Schwarz sind die verf\u00fcgbaren Farben f\u00fcr Tuck, jedes mit einem besonderen Design, mit dem das TWS einzigartig wird. TUCK ist ideal, um Gespr\u00e4che zu f\u00fchren und Anrufe entgegenzunehmen und um vollkommen frei und in jeder Lebenslage Musik zu h\u00f6ren. Das Headset ist mit einem 3-Stunden-Akku ausgestattet, das dank der Ladeschutzh\u00fclle f\u00fcr eine Musikwiedergabezeit von bis zu 15 Stunden sorgt. Mit den praktischen Touch-Bedienfeldern werden Anrufe, Songs und Lautst\u00e4rke direkt am Headset gesteuert<\/p>\n","protected":false},"excerpt":{"rendered":"<p>TWS Bluetooth\u00ae-Headset in Kapselform mit Ladeschutzh\u00fclle<\/p>\n","protected":false},"featured_media":62580,"comment_status":"closed","ping_status":"closed","template":"","meta":{"_et_pb_use_builder":"","_et_pb_old_content":"","_et_gb_content_width":""},"pwb-brand":[],"product_cat":[493,4540,512],"product_tag":[],"compatibilite":[],"compatibilite_smartphone":[4384,4436,4443,4441,4417,4419,4420,4418,4437,4439,4438,4446,4442,4445,4444,4440,4358,4435,4433,4434,4385,4388,4387,4421,4402,4413,4406,4414,4405,4408,4403,4407,4404,4410,4422,4427,4428,4423,4401,4400,4431,4425,4424,4393,4397,4416,4411,4426,4659,4658,4392,4391],"brands":[],"_links":{"self":[{"href":"https:\/\/stage.shop-cellularswiss.ch\/de\/wp-json\/wp\/v2\/product\/61074"}],"collection":[{"href":"https:\/\/stage.shop-cellularswiss.ch\/de\/wp-json\/wp\/v2\/product"}],"about":[{"href":"https:\/\/stage.shop-cellularswiss.ch\/de\/wp-json\/wp\/v2\/types\/product"}],"replies":[{"embeddable":true,"href":"https:\/\/stage.shop-cellularswiss.ch\/de\/wp-json\/wp\/v2\/comments?post=61074"}],"wp:featuredmedia":[{"embeddable":true,"href":"https:\/\/stage.shop-cellularswiss.ch\/de\/wp-json\/wp\/v2\/media\/62580"}],"wp:attachment":[{"href":"https:\/\/stage.shop-cellularswiss.ch\/de\/wp-json\/wp\/v2\/media?parent=61074"}],"wp:term":[{"taxonomy":"pwb-brand","embeddable":true,"href":"https:\/\/stage.shop-cellularswiss.ch\/de\/wp-json\/wp\/v2\/pwb-brand?post=61074"},{"taxonomy":"product_cat","embeddable":true,"href":"https:\/\/stage.shop-cellularswiss.ch\/de\/wp-json\/wp\/v2\/product_cat?post=61074"},{"taxonomy":"product_tag","embeddable":true,"href":"https:\/\/stage.shop-cellularswiss.ch\/de\/wp-json\/wp\/v2\/product_tag?post=61074"},{"taxonomy":"compatibilite","embeddable":true,"href":"https:\/\/stage.shop-cellularswiss.ch\/de\/wp-json\/wp\/v2\/compatibilite?post=61074"},{"taxonomy":"compatibilite_smartphone","embeddable":true,"href":"https:\/\/stage.shop-cellularswiss.ch\/de\/wp-json\/wp\/v2\/compatibilite_smartphone?post=61074"}],"curies":[{"name":"wp","href":"https:\/\/api.w.org\/{rel}","templated":true}]}}