
{"id":61088,"date":"2021-07-27T16:56:24","date_gmt":"2021-07-27T15:29:58","guid":{"rendered":"https:\/\/stage.shop-cellularswiss.ch\/produit\/gloss-mag-iphone-12-mini\/"},"modified":"2021-09-09T15:24:52","modified_gmt":"2021-09-09T13:24:52","slug":"gloss-mag-iphone-12-mini","status":"publish","type":"product","link":"https:\/\/stage.shop-cellularswiss.ch\/de\/produit\/gloss-mag-iphone-12-mini\/","title":{"rendered":"Gloss Mag &#8211; iPhone 12 mini"},"content":{"rendered":"<p>Gloss Mag ist die transparente Schutzh\u00fclle mit integrierten Magneten, die sich perfekt an das Smartphone anpasst und das Aufladen und Anschlie\u00dfen an das Ladeger\u00e4t Apple MagSafe erm\u00f6glicht. Ultra-widerstandsf\u00e4hig, mit MilitaryTest Zertifizierung, bietet es dem Smartphone vollst\u00e4ndigen Schutz vor St\u00f6\u00dfen und Kratzern, w\u00e4hrend das Design unver\u00e4ndert bleibt. Gloss Mag hat eine lebenslange Garantie: Weitere Informationen finden Sie im Bereich Guaranteed For Life von Cellularline.<\/p>\n","protected":false},"excerpt":{"rendered":"<p>Schutzh\u00fclle mit Magneten zum Laden und Verbinden mit dem Ladeger\u00e4t MagSafe<\/p>\n","protected":false},"featured_media":62098,"comment_status":"closed","ping_status":"closed","template":"","meta":{"_et_pb_use_builder":"","_et_pb_old_content":"","_et_gb_content_width":""},"pwb-brand":[],"product_cat":[542,559],"product_tag":[],"compatibilite":[],"compatibilite_smartphone":[4442,4444],"brands":[],"_links":{"self":[{"href":"https:\/\/stage.shop-cellularswiss.ch\/de\/wp-json\/wp\/v2\/product\/61088"}],"collection":[{"href":"https:\/\/stage.shop-cellularswiss.ch\/de\/wp-json\/wp\/v2\/product"}],"about":[{"href":"https:\/\/stage.shop-cellularswiss.ch\/de\/wp-json\/wp\/v2\/types\/product"}],"replies":[{"embeddable":true,"href":"https:\/\/stage.shop-cellularswiss.ch\/de\/wp-json\/wp\/v2\/comments?post=61088"}],"wp:featuredmedia":[{"embeddable":true,"href":"https:\/\/stage.shop-cellularswiss.ch\/de\/wp-json\/wp\/v2\/media\/62098"}],"wp:attachment":[{"href":"https:\/\/stage.shop-cellularswiss.ch\/de\/wp-json\/wp\/v2\/media?parent=61088"}],"wp:term":[{"taxonomy":"pwb-brand","embeddable":true,"href":"https:\/\/stage.shop-cellularswiss.ch\/de\/wp-json\/wp\/v2\/pwb-brand?post=61088"},{"taxonomy":"product_cat","embeddable":true,"href":"https:\/\/stage.shop-cellularswiss.ch\/de\/wp-json\/wp\/v2\/product_cat?post=61088"},{"taxonomy":"product_tag","embeddable":true,"href":"https:\/\/stage.shop-cellularswiss.ch\/de\/wp-json\/wp\/v2\/product_tag?post=61088"},{"taxonomy":"compatibilite","embeddable":true,"href":"https:\/\/stage.shop-cellularswiss.ch\/de\/wp-json\/wp\/v2\/compatibilite?post=61088"},{"taxonomy":"compatibilite_smartphone","embeddable":true,"href":"https:\/\/stage.shop-cellularswiss.ch\/de\/wp-json\/wp\/v2\/compatibilite_smartphone?post=61088"}],"curies":[{"name":"wp","href":"https:\/\/api.w.org\/{rel}","templated":true}]}}