
{"id":61094,"date":"2021-07-27T16:56:42","date_gmt":"2021-07-27T15:30:09","guid":{"rendered":"https:\/\/stage.shop-cellularswiss.ch\/produit\/rider-shield-universal\/"},"modified":"2021-07-27T17:30:14","modified_gmt":"2021-07-27T15:30:14","slug":"rider-shield-universal","status":"publish","type":"product","link":"https:\/\/stage.shop-cellularswiss.ch\/de\/produit\/rider-shield-universal\/","title":{"rendered":"Rider Shield &#8211; Universal"},"content":{"rendered":"<p>RIDER SHIELD ist eine wasserdichte Lenkerhalterung, die mit Smartphones bis zu 6,7Zoll kompatibel ist. Dank der verstellbaren Klemme kann sie an Lenkern mit einem Durchmesser von 12 bis 32mm montiert werden. Die wasserdichte H\u00fclle mit Sonnenblende sch\u00fctzt das Smartphone vor Kratzern und St\u00f6\u00dfen und erm\u00f6glicht die Nutzung auch bei hellem Licht oder widrigen Wetterverh\u00e4ltnissen. Das Kugelgelenk erm\u00f6glicht eine Drehung um 360\u00b0, um eine optimale Sicht auf das Display zu gew\u00e4hrleisten. Verf\u00fcgt \u00fcber ein herausnehmbares internes Kartenfach zum Mitf\u00fchren von Papieren und Kreditkarten.<\/p>\n","protected":false},"excerpt":{"rendered":"<p>Wasserdichte Smartphone-Lenkerhalterung<\/p>\n","protected":false},"featured_media":62676,"comment_status":"closed","ping_status":"closed","template":"","meta":{"_et_pb_use_builder":"","_et_pb_old_content":"","_et_gb_content_width":""},"pwb-brand":[],"product_cat":[3853,1781],"product_tag":[],"compatibilite":[],"compatibilite_smartphone":[4658],"brands":[],"_links":{"self":[{"href":"https:\/\/stage.shop-cellularswiss.ch\/de\/wp-json\/wp\/v2\/product\/61094"}],"collection":[{"href":"https:\/\/stage.shop-cellularswiss.ch\/de\/wp-json\/wp\/v2\/product"}],"about":[{"href":"https:\/\/stage.shop-cellularswiss.ch\/de\/wp-json\/wp\/v2\/types\/product"}],"replies":[{"embeddable":true,"href":"https:\/\/stage.shop-cellularswiss.ch\/de\/wp-json\/wp\/v2\/comments?post=61094"}],"wp:featuredmedia":[{"embeddable":true,"href":"https:\/\/stage.shop-cellularswiss.ch\/de\/wp-json\/wp\/v2\/media\/62676"}],"wp:attachment":[{"href":"https:\/\/stage.shop-cellularswiss.ch\/de\/wp-json\/wp\/v2\/media?parent=61094"}],"wp:term":[{"taxonomy":"pwb-brand","embeddable":true,"href":"https:\/\/stage.shop-cellularswiss.ch\/de\/wp-json\/wp\/v2\/pwb-brand?post=61094"},{"taxonomy":"product_cat","embeddable":true,"href":"https:\/\/stage.shop-cellularswiss.ch\/de\/wp-json\/wp\/v2\/product_cat?post=61094"},{"taxonomy":"product_tag","embeddable":true,"href":"https:\/\/stage.shop-cellularswiss.ch\/de\/wp-json\/wp\/v2\/product_tag?post=61094"},{"taxonomy":"compatibilite","embeddable":true,"href":"https:\/\/stage.shop-cellularswiss.ch\/de\/wp-json\/wp\/v2\/compatibilite?post=61094"},{"taxonomy":"compatibilite_smartphone","embeddable":true,"href":"https:\/\/stage.shop-cellularswiss.ch\/de\/wp-json\/wp\/v2\/compatibilite_smartphone?post=61094"}],"curies":[{"name":"wp","href":"https:\/\/api.w.org\/{rel}","templated":true}]}}