
{"id":61098,"date":"2021-07-27T17:30:17","date_gmt":"2021-07-27T15:30:17","guid":{"rendered":"https:\/\/stage.shop-cellularswiss.ch\/produit\/octopus-wireless-power-bank-10000-power-delivery\/"},"modified":"2021-07-27T17:30:22","modified_gmt":"2021-07-27T15:30:22","slug":"octopus-wireless-power-bank-10000-power-delivery","status":"publish","type":"product","link":"https:\/\/stage.shop-cellularswiss.ch\/de\/produit\/octopus-wireless-power-bank-10000-power-delivery\/","title":{"rendered":"OCTOPUS Wireless Power Bank 10000 &#8211; Power Delivery"},"content":{"rendered":"<p>OCTOPUS SUPER FAST 10000 ist die kabellose Powerbank von Cellularline, die ein schnelles Aufladen aller Smartphones, die mit dem Wireless Qi-Ladestandard kompatibel sind, erm\u00f6glicht. Dank des Befestigungssystems mit Saugn\u00e4pfen haftet das Akkuladeger\u00e4t fest am Smartphone, so dass das Ger\u00e4t problemlos, ohne Kabel aufgeladen und gleichzeitig weiter verwendet werden kann. OCTOPUS SUPER FAST 10000 ist au\u00dferdem mit einem praktischen versenkbaren Standfu\u00df ausgestattet, so dass ein komfortables Betrachten des Bildschirms Ihres Ger\u00e4ts w\u00e4hrend des Ladevorgangs m\u00f6glich ist. Diese Powerbank ist auch ein Technologiekonzentrat, denn die Aufladung \u00fcber Kabel sorgt f\u00fcr eine hohe Ladeleistung, selbst bei den fortschrittlichsten Smartphones. Sie ist n\u00e4mlich mit der folgenden Technologie ausgestattet: USB-C Power Delivery Port, 18W f\u00fcr iPhone, Qualcomm\u00ae Quick Charge\u2122 3.0, 9V\/2A Fast Charging und Adaptive Technology f\u00fcr die schnelle Aufladung von Smartphones der Marke Samsung, Huawei und anderen. Qualcomm is a trademark of Qualcomm Incorporated, registered in the United States and other countries. Quick Charge is a trademark of Qualcomm Incorporated. Qualcomm Quick Charge is a product of Qualcomm Technologies, Inc. and\/or its subsidiaries.<\/p>\n","protected":false},"excerpt":{"rendered":"<p>Portables Akkuladeger\u00e4t mit kabelloser Aufladung<\/p>\n","protected":false},"featured_media":60708,"comment_status":"closed","ping_status":"open","template":"","meta":{"_et_pb_use_builder":"","_et_pb_old_content":"","_et_gb_content_width":""},"pwb-brand":[],"product_cat":[1781,1793,4196],"product_tag":[],"compatibilite":[],"compatibilite_smartphone":[4661],"brands":[],"_links":{"self":[{"href":"https:\/\/stage.shop-cellularswiss.ch\/de\/wp-json\/wp\/v2\/product\/61098"}],"collection":[{"href":"https:\/\/stage.shop-cellularswiss.ch\/de\/wp-json\/wp\/v2\/product"}],"about":[{"href":"https:\/\/stage.shop-cellularswiss.ch\/de\/wp-json\/wp\/v2\/types\/product"}],"replies":[{"embeddable":true,"href":"https:\/\/stage.shop-cellularswiss.ch\/de\/wp-json\/wp\/v2\/comments?post=61098"}],"wp:featuredmedia":[{"embeddable":true,"href":"https:\/\/stage.shop-cellularswiss.ch\/de\/wp-json\/wp\/v2\/media\/60708"}],"wp:attachment":[{"href":"https:\/\/stage.shop-cellularswiss.ch\/de\/wp-json\/wp\/v2\/media?parent=61098"}],"wp:term":[{"taxonomy":"pwb-brand","embeddable":true,"href":"https:\/\/stage.shop-cellularswiss.ch\/de\/wp-json\/wp\/v2\/pwb-brand?post=61098"},{"taxonomy":"product_cat","embeddable":true,"href":"https:\/\/stage.shop-cellularswiss.ch\/de\/wp-json\/wp\/v2\/product_cat?post=61098"},{"taxonomy":"product_tag","embeddable":true,"href":"https:\/\/stage.shop-cellularswiss.ch\/de\/wp-json\/wp\/v2\/product_tag?post=61098"},{"taxonomy":"compatibilite","embeddable":true,"href":"https:\/\/stage.shop-cellularswiss.ch\/de\/wp-json\/wp\/v2\/compatibilite?post=61098"},{"taxonomy":"compatibilite_smartphone","embeddable":true,"href":"https:\/\/stage.shop-cellularswiss.ch\/de\/wp-json\/wp\/v2\/compatibilite_smartphone?post=61098"}],"curies":[{"name":"wp","href":"https:\/\/api.w.org\/{rel}","templated":true}]}}