
{"id":61103,"date":"2021-07-27T16:57:08","date_gmt":"2021-07-27T15:30:29","guid":{"rendered":"https:\/\/stage.shop-cellularswiss.ch\/produit\/protection-kit-galaxy-a-52-5g-4g\/"},"modified":"2021-07-27T17:30:31","modified_gmt":"2021-07-27T15:30:31","slug":"protection-kit-galaxy-a-52-5g-4g","status":"publish","type":"product","link":"https:\/\/stage.shop-cellularswiss.ch\/de\/produit\/protection-kit-galaxy-a-52-5g-4g\/","title":{"rendered":"PROTECTION KIT &#8211; Galaxy A 52 5G \/ 4G"},"content":{"rendered":"<p>PROTECTION KIT bietet Ihrem Smartphone allen notwendigen Schutz in einer Komplettl\u00f6sung: &#8211; Extrem d\u00fcnne transparente H\u00fclle aus weichem Gummi zum Schutz von Kanten, Tasten und Anschl\u00fcssen, die sich perfekt an das Design des Smartphones anpasst- D\u00fcnnes, extrem widerstandsf\u00e4higes geh\u00e4rtetes Glas zum Schutz des Displays bei gleichzeitiger Beibehaltung von Aufl\u00f6sung und Helligkeit<\/p>\n","protected":false},"excerpt":{"rendered":"<p>Zubeh\u00f6rset zum Schutz von Smartphones<\/p>\n","protected":false},"featured_media":62118,"comment_status":"closed","ping_status":"closed","template":"","meta":{"_et_pb_use_builder":"","_et_pb_old_content":"","_et_gb_content_width":""},"pwb-brand":[],"product_cat":[542,559],"product_tag":[],"compatibilite":[],"compatibilite_smartphone":[4656],"brands":[],"_links":{"self":[{"href":"https:\/\/stage.shop-cellularswiss.ch\/de\/wp-json\/wp\/v2\/product\/61103"}],"collection":[{"href":"https:\/\/stage.shop-cellularswiss.ch\/de\/wp-json\/wp\/v2\/product"}],"about":[{"href":"https:\/\/stage.shop-cellularswiss.ch\/de\/wp-json\/wp\/v2\/types\/product"}],"replies":[{"embeddable":true,"href":"https:\/\/stage.shop-cellularswiss.ch\/de\/wp-json\/wp\/v2\/comments?post=61103"}],"wp:featuredmedia":[{"embeddable":true,"href":"https:\/\/stage.shop-cellularswiss.ch\/de\/wp-json\/wp\/v2\/media\/62118"}],"wp:attachment":[{"href":"https:\/\/stage.shop-cellularswiss.ch\/de\/wp-json\/wp\/v2\/media?parent=61103"}],"wp:term":[{"taxonomy":"pwb-brand","embeddable":true,"href":"https:\/\/stage.shop-cellularswiss.ch\/de\/wp-json\/wp\/v2\/pwb-brand?post=61103"},{"taxonomy":"product_cat","embeddable":true,"href":"https:\/\/stage.shop-cellularswiss.ch\/de\/wp-json\/wp\/v2\/product_cat?post=61103"},{"taxonomy":"product_tag","embeddable":true,"href":"https:\/\/stage.shop-cellularswiss.ch\/de\/wp-json\/wp\/v2\/product_tag?post=61103"},{"taxonomy":"compatibilite","embeddable":true,"href":"https:\/\/stage.shop-cellularswiss.ch\/de\/wp-json\/wp\/v2\/compatibilite?post=61103"},{"taxonomy":"compatibilite_smartphone","embeddable":true,"href":"https:\/\/stage.shop-cellularswiss.ch\/de\/wp-json\/wp\/v2\/compatibilite_smartphone?post=61103"}],"curies":[{"name":"wp","href":"https:\/\/api.w.org\/{rel}","templated":true}]}}