
{"id":61107,"date":"2021-07-27T17:30:38","date_gmt":"2021-07-27T15:30:38","guid":{"rendered":"https:\/\/stage.shop-cellularswiss.ch\/produit\/rtw-coussin-gonflable-lombaire-avec-mini-housse\/"},"modified":"2021-07-27T17:30:40","modified_gmt":"2021-07-27T15:30:40","slug":"rtw-coussin-gonflable-lombaire-avec-mini-housse","status":"publish","type":"product","link":"https:\/\/stage.shop-cellularswiss.ch\/de\/produit\/rtw-coussin-gonflable-lombaire-avec-mini-housse\/","title":{"rendered":"RTW &#8211; Coussin gonflable lombaire avec mini housse"},"content":{"rendered":"<p>Comfort ist das aufblasbare und ultraleichte Reisekissen, das speziell zur Unterst\u00fctzung und Entspannung der Lendenmuskulatur entwickelt wurde. Sein ergonomisches Design passt sich an jede Art von Sitz an. Comfort ist mit einem innovativen Push-Ventilsystem ausgestattet, das es erm\u00f6glicht, das Kissen \u00fcber eine einfache Handbewegung und ohne pusten zu m\u00fcssen in wenigen Sekunden aufzublasen. Es kann vollst\u00e4ndig eingerollt und in einer praktischen Mini-Reisetasche verpackt werden.<\/p>\n","protected":false},"excerpt":{"rendered":"<p>Aufblasbares Lendenkissen mit Minitasche<\/p>\n","protected":false},"featured_media":59580,"comment_status":"closed","ping_status":"open","template":"","meta":{"_et_pb_use_builder":"","_et_pb_old_content":"","_et_gb_content_width":""},"pwb-brand":[],"product_cat":[3845,1781],"product_tag":[],"compatibilite":[],"compatibilite_smartphone":[],"brands":[],"_links":{"self":[{"href":"https:\/\/stage.shop-cellularswiss.ch\/de\/wp-json\/wp\/v2\/product\/61107"}],"collection":[{"href":"https:\/\/stage.shop-cellularswiss.ch\/de\/wp-json\/wp\/v2\/product"}],"about":[{"href":"https:\/\/stage.shop-cellularswiss.ch\/de\/wp-json\/wp\/v2\/types\/product"}],"replies":[{"embeddable":true,"href":"https:\/\/stage.shop-cellularswiss.ch\/de\/wp-json\/wp\/v2\/comments?post=61107"}],"wp:featuredmedia":[{"embeddable":true,"href":"https:\/\/stage.shop-cellularswiss.ch\/de\/wp-json\/wp\/v2\/media\/59580"}],"wp:attachment":[{"href":"https:\/\/stage.shop-cellularswiss.ch\/de\/wp-json\/wp\/v2\/media?parent=61107"}],"wp:term":[{"taxonomy":"pwb-brand","embeddable":true,"href":"https:\/\/stage.shop-cellularswiss.ch\/de\/wp-json\/wp\/v2\/pwb-brand?post=61107"},{"taxonomy":"product_cat","embeddable":true,"href":"https:\/\/stage.shop-cellularswiss.ch\/de\/wp-json\/wp\/v2\/product_cat?post=61107"},{"taxonomy":"product_tag","embeddable":true,"href":"https:\/\/stage.shop-cellularswiss.ch\/de\/wp-json\/wp\/v2\/product_tag?post=61107"},{"taxonomy":"compatibilite","embeddable":true,"href":"https:\/\/stage.shop-cellularswiss.ch\/de\/wp-json\/wp\/v2\/compatibilite?post=61107"},{"taxonomy":"compatibilite_smartphone","embeddable":true,"href":"https:\/\/stage.shop-cellularswiss.ch\/de\/wp-json\/wp\/v2\/compatibilite_smartphone?post=61107"}],"curies":[{"name":"wp","href":"https:\/\/api.w.org\/{rel}","templated":true}]}}