
{"id":61108,"date":"2021-07-27T16:57:24","date_gmt":"2021-07-27T15:30:38","guid":{"rendered":"https:\/\/stage.shop-cellularswiss.ch\/produit\/selfie-ring-universal\/"},"modified":"2021-07-27T17:30:44","modified_gmt":"2021-07-27T15:30:44","slug":"selfie-ring-universal","status":"publish","type":"product","link":"https:\/\/stage.shop-cellularswiss.ch\/de\/produit\/selfie-ring-universal\/","title":{"rendered":"Selfie Ring &#8211; Universal"},"content":{"rendered":"<p>F\u00fcr Videoaufnahmen und Selfies gibt es SELFIE RING, das Smartphone-Stativ mit Leuchtring, das jeden Ort in ein Filmset verwandelt! Der LED-Ring verf\u00fcgt \u00fcber drei Beleuchtungsmodi, die per Fernbedienung aktiviert werden k\u00f6nnen, und das Stativ ist f\u00fcr professionelle Aufnahmen einstellbar und drehbar.<\/p>\n","protected":false},"excerpt":{"rendered":"<p>Stativ mit leuchtendem LED-Ring f\u00fcr Videoaufnahmen und Selfies<\/p>\n","protected":false},"featured_media":60092,"comment_status":"closed","ping_status":"closed","template":"","meta":{"_et_pb_use_builder":"","_et_pb_old_content":"","_et_gb_content_width":""},"pwb-brand":[],"product_cat":[3845,1781],"product_tag":[],"compatibilite":[],"compatibilite_smartphone":[],"brands":[],"_links":{"self":[{"href":"https:\/\/stage.shop-cellularswiss.ch\/de\/wp-json\/wp\/v2\/product\/61108"}],"collection":[{"href":"https:\/\/stage.shop-cellularswiss.ch\/de\/wp-json\/wp\/v2\/product"}],"about":[{"href":"https:\/\/stage.shop-cellularswiss.ch\/de\/wp-json\/wp\/v2\/types\/product"}],"replies":[{"embeddable":true,"href":"https:\/\/stage.shop-cellularswiss.ch\/de\/wp-json\/wp\/v2\/comments?post=61108"}],"wp:featuredmedia":[{"embeddable":true,"href":"https:\/\/stage.shop-cellularswiss.ch\/de\/wp-json\/wp\/v2\/media\/60092"}],"wp:attachment":[{"href":"https:\/\/stage.shop-cellularswiss.ch\/de\/wp-json\/wp\/v2\/media?parent=61108"}],"wp:term":[{"taxonomy":"pwb-brand","embeddable":true,"href":"https:\/\/stage.shop-cellularswiss.ch\/de\/wp-json\/wp\/v2\/pwb-brand?post=61108"},{"taxonomy":"product_cat","embeddable":true,"href":"https:\/\/stage.shop-cellularswiss.ch\/de\/wp-json\/wp\/v2\/product_cat?post=61108"},{"taxonomy":"product_tag","embeddable":true,"href":"https:\/\/stage.shop-cellularswiss.ch\/de\/wp-json\/wp\/v2\/product_tag?post=61108"},{"taxonomy":"compatibilite","embeddable":true,"href":"https:\/\/stage.shop-cellularswiss.ch\/de\/wp-json\/wp\/v2\/compatibilite?post=61108"},{"taxonomy":"compatibilite_smartphone","embeddable":true,"href":"https:\/\/stage.shop-cellularswiss.ch\/de\/wp-json\/wp\/v2\/compatibilite_smartphone?post=61108"}],"curies":[{"name":"wp","href":"https:\/\/api.w.org\/{rel}","templated":true}]}}