
{"id":61109,"date":"2021-07-27T16:57:27","date_gmt":"2021-07-27T15:30:43","guid":{"rendered":"https:\/\/stage.shop-cellularswiss.ch\/produit\/selfie-ring-pro-universale\/"},"modified":"2022-02-24T11:48:39","modified_gmt":"2022-02-24T10:48:39","slug":"selfie-ring-pro-universale","status":"publish","type":"product","link":"https:\/\/stage.shop-cellularswiss.ch\/de\/produit\/selfie-ring-pro-universale\/","title":{"rendered":"Selfie Ring Pro &#8211; Universale"},"content":{"rendered":"<p>SELFIE RING PRO ist ein LED-Ring mit ausziehbarem Stativ bis 1,60m H\u00f6he, ideal f\u00fcr Videoaufnahmen und Selfies. Der LED-Ring ist 13 Zoll gro\u00df und hat drei Beleuchtungsmodi, die mit einer Fernbedingung steuerbar sind, und ist mit einem universellen, drehbaren Smartphone-St\u00e4nder ausgestattet &#8211; f\u00fcr den Regisseur in dir!<\/p>\n","protected":false},"excerpt":{"rendered":"<p>LED-Ring mit Stativ 1,60m f\u00fcr Videoaufnahmen und Selfies<\/p>\n","protected":false},"featured_media":62700,"comment_status":"closed","ping_status":"closed","template":"","meta":{"_et_pb_use_builder":"","_et_pb_old_content":"","_et_gb_content_width":""},"pwb-brand":[],"product_cat":[3845,1781],"product_tag":[],"compatibilite":[],"compatibilite_smartphone":[4658],"brands":[],"_links":{"self":[{"href":"https:\/\/stage.shop-cellularswiss.ch\/de\/wp-json\/wp\/v2\/product\/61109"}],"collection":[{"href":"https:\/\/stage.shop-cellularswiss.ch\/de\/wp-json\/wp\/v2\/product"}],"about":[{"href":"https:\/\/stage.shop-cellularswiss.ch\/de\/wp-json\/wp\/v2\/types\/product"}],"replies":[{"embeddable":true,"href":"https:\/\/stage.shop-cellularswiss.ch\/de\/wp-json\/wp\/v2\/comments?post=61109"}],"wp:featuredmedia":[{"embeddable":true,"href":"https:\/\/stage.shop-cellularswiss.ch\/de\/wp-json\/wp\/v2\/media\/62700"}],"wp:attachment":[{"href":"https:\/\/stage.shop-cellularswiss.ch\/de\/wp-json\/wp\/v2\/media?parent=61109"}],"wp:term":[{"taxonomy":"pwb-brand","embeddable":true,"href":"https:\/\/stage.shop-cellularswiss.ch\/de\/wp-json\/wp\/v2\/pwb-brand?post=61109"},{"taxonomy":"product_cat","embeddable":true,"href":"https:\/\/stage.shop-cellularswiss.ch\/de\/wp-json\/wp\/v2\/product_cat?post=61109"},{"taxonomy":"product_tag","embeddable":true,"href":"https:\/\/stage.shop-cellularswiss.ch\/de\/wp-json\/wp\/v2\/product_tag?post=61109"},{"taxonomy":"compatibilite","embeddable":true,"href":"https:\/\/stage.shop-cellularswiss.ch\/de\/wp-json\/wp\/v2\/compatibilite?post=61109"},{"taxonomy":"compatibilite_smartphone","embeddable":true,"href":"https:\/\/stage.shop-cellularswiss.ch\/de\/wp-json\/wp\/v2\/compatibilite_smartphone?post=61109"}],"curies":[{"name":"wp","href":"https:\/\/api.w.org\/{rel}","templated":true}]}}