
{"id":61118,"date":"2021-07-27T16:57:53","date_gmt":"2021-07-27T15:30:59","guid":{"rendered":"https:\/\/stage.shop-cellularswiss.ch\/produit\/sensation-plus-iphone-12-pro-max\/"},"modified":"2021-07-27T17:31:03","modified_gmt":"2021-07-27T15:31:03","slug":"sensation-plus-iphone-12-pro-max","status":"publish","type":"product","link":"https:\/\/stage.shop-cellularswiss.ch\/de\/produit\/sensation-plus-iphone-12-pro-max\/","title":{"rendered":"Sensation Plus &#8211; iPhone 12 Pro Max"},"content":{"rendered":"<p>SENSATION PLUS ist die spezielle Schutzh\u00fclle f\u00fcr die Interaktion mit dem \u00d6kosystem Apple MagSafe. Das integrierte Magnetmodul der H\u00fclle tr\u00e4gt die Zertifizierung \u201eMade for MagSafe\u00ae\u201c und erm\u00f6glicht das Aufladen und Andocken Ihres Smartphones an das Apple MagSafe\u00ae-Ladeger\u00e4t. Aus Silikon gefertigt und innen mit weicher, kratzfester Mikrofaser beschichtet, ist sie der Form des Smartphones perfekt angepasst und sch\u00fctzt Ecken, Kanten und Anschl\u00fcsse des Ger\u00e4tes. Sie ist zudem mit der antibakteriellen Microban\u00ae-Technologie ausgestattet, die ein Bakterienwachstum auf der Oberfl\u00e4che der H\u00fclle um bis zu 99,9% ausschlie\u00dft und immer aktiv ist, da sie im Material der Sensation Plus integriert ist.<\/p>\n","protected":false},"excerpt":{"rendered":"<p>Softtouch-Silikonh\u00fclle, kompatibel mit dem \u00d6kosystem Apple MagSafe\u00ae<\/p>\n","protected":false},"featured_media":60972,"comment_status":"closed","ping_status":"closed","template":"","meta":{"_et_pb_use_builder":"","_et_pb_old_content":"","_et_gb_content_width":""},"pwb-brand":[],"product_cat":[542,559],"product_tag":[],"compatibilite":[],"compatibilite_smartphone":[4444],"brands":[],"_links":{"self":[{"href":"https:\/\/stage.shop-cellularswiss.ch\/de\/wp-json\/wp\/v2\/product\/61118"}],"collection":[{"href":"https:\/\/stage.shop-cellularswiss.ch\/de\/wp-json\/wp\/v2\/product"}],"about":[{"href":"https:\/\/stage.shop-cellularswiss.ch\/de\/wp-json\/wp\/v2\/types\/product"}],"replies":[{"embeddable":true,"href":"https:\/\/stage.shop-cellularswiss.ch\/de\/wp-json\/wp\/v2\/comments?post=61118"}],"wp:featuredmedia":[{"embeddable":true,"href":"https:\/\/stage.shop-cellularswiss.ch\/de\/wp-json\/wp\/v2\/media\/60972"}],"wp:attachment":[{"href":"https:\/\/stage.shop-cellularswiss.ch\/de\/wp-json\/wp\/v2\/media?parent=61118"}],"wp:term":[{"taxonomy":"pwb-brand","embeddable":true,"href":"https:\/\/stage.shop-cellularswiss.ch\/de\/wp-json\/wp\/v2\/pwb-brand?post=61118"},{"taxonomy":"product_cat","embeddable":true,"href":"https:\/\/stage.shop-cellularswiss.ch\/de\/wp-json\/wp\/v2\/product_cat?post=61118"},{"taxonomy":"product_tag","embeddable":true,"href":"https:\/\/stage.shop-cellularswiss.ch\/de\/wp-json\/wp\/v2\/product_tag?post=61118"},{"taxonomy":"compatibilite","embeddable":true,"href":"https:\/\/stage.shop-cellularswiss.ch\/de\/wp-json\/wp\/v2\/compatibilite?post=61118"},{"taxonomy":"compatibilite_smartphone","embeddable":true,"href":"https:\/\/stage.shop-cellularswiss.ch\/de\/wp-json\/wp\/v2\/compatibilite_smartphone?post=61118"}],"curies":[{"name":"wp","href":"https:\/\/api.w.org\/{rel}","templated":true}]}}