
{"id":61119,"date":"2021-07-27T16:57:57","date_gmt":"2021-07-27T15:31:02","guid":{"rendered":"https:\/\/stage.shop-cellularswiss.ch\/produit\/soft-galaxy-a32-4g\/"},"modified":"2021-07-27T17:31:04","modified_gmt":"2021-07-27T15:31:04","slug":"soft-galaxy-a32-4g","status":"publish","type":"product","link":"https:\/\/stage.shop-cellularswiss.ch\/de\/produit\/soft-galaxy-a32-4g\/","title":{"rendered":"Soft &#8211; Galaxy A32 4G"},"content":{"rendered":"<p>Soft ist eine ultrad\u00fcnne und durchsichtige H\u00fclle aus weichem Gummi mit Glanz-Finish, die einen perfekten Schutz der Kanten und der R\u00fcckseite des Smartphones liefert, ohne dass man auf die Unterstreichung und Hervorhebung des Designs verzichten muss.<\/p>\n","protected":false},"excerpt":{"rendered":"<p>Sch\u00fctzt und unterstreicht das Design des Smartphones<\/p>\n","protected":false},"featured_media":62142,"comment_status":"closed","ping_status":"closed","template":"","meta":{"_et_pb_use_builder":"","_et_pb_old_content":"","_et_gb_content_width":""},"pwb-brand":[],"product_cat":[542,559],"product_tag":[],"compatibilite":[],"compatibilite_smartphone":[4654],"brands":[],"_links":{"self":[{"href":"https:\/\/stage.shop-cellularswiss.ch\/de\/wp-json\/wp\/v2\/product\/61119"}],"collection":[{"href":"https:\/\/stage.shop-cellularswiss.ch\/de\/wp-json\/wp\/v2\/product"}],"about":[{"href":"https:\/\/stage.shop-cellularswiss.ch\/de\/wp-json\/wp\/v2\/types\/product"}],"replies":[{"embeddable":true,"href":"https:\/\/stage.shop-cellularswiss.ch\/de\/wp-json\/wp\/v2\/comments?post=61119"}],"wp:featuredmedia":[{"embeddable":true,"href":"https:\/\/stage.shop-cellularswiss.ch\/de\/wp-json\/wp\/v2\/media\/62142"}],"wp:attachment":[{"href":"https:\/\/stage.shop-cellularswiss.ch\/de\/wp-json\/wp\/v2\/media?parent=61119"}],"wp:term":[{"taxonomy":"pwb-brand","embeddable":true,"href":"https:\/\/stage.shop-cellularswiss.ch\/de\/wp-json\/wp\/v2\/pwb-brand?post=61119"},{"taxonomy":"product_cat","embeddable":true,"href":"https:\/\/stage.shop-cellularswiss.ch\/de\/wp-json\/wp\/v2\/product_cat?post=61119"},{"taxonomy":"product_tag","embeddable":true,"href":"https:\/\/stage.shop-cellularswiss.ch\/de\/wp-json\/wp\/v2\/product_tag?post=61119"},{"taxonomy":"compatibilite","embeddable":true,"href":"https:\/\/stage.shop-cellularswiss.ch\/de\/wp-json\/wp\/v2\/compatibilite?post=61119"},{"taxonomy":"compatibilite_smartphone","embeddable":true,"href":"https:\/\/stage.shop-cellularswiss.ch\/de\/wp-json\/wp\/v2\/compatibilite_smartphone?post=61119"}],"curies":[{"name":"wp","href":"https:\/\/api.w.org\/{rel}","templated":true}]}}