
{"id":61122,"date":"2021-07-27T16:58:06","date_gmt":"2021-07-27T15:31:07","guid":{"rendered":"https:\/\/stage.shop-cellularswiss.ch\/produit\/starter-kit-iphone-12-12-pro\/"},"modified":"2021-07-27T17:31:12","modified_gmt":"2021-07-27T15:31:12","slug":"starter-kit-iphone-12-12-pro","status":"publish","type":"product","link":"https:\/\/stage.shop-cellularswiss.ch\/de\/produit\/starter-kit-iphone-12-12-pro\/","title":{"rendered":"STARTER KIT &#8211; iPhone 12 \/ 12 Pro"},"content":{"rendered":"<p>Das eigens f\u00fcr iPhone entwickelte STARTER KIT bietet dem Smartphone die Ladung und den Schutz, die es ben\u00f6tigt und die nicht im Lieferumfang inbegriffen sind: &#8211; Netzladeger\u00e4t 20 W mit USB-C-Anschluss zum schnellstm\u00f6glichen Aufladen des iPhone &#8211; Transparente und ultraschmale H\u00fclle aus weichem Gummi zum Schutz von Kanten, Tasten und Steckanschl\u00fcssen bei perfekter Anpassung an das Design des Smartphones- Schmales und ultrabest\u00e4ndiges geh\u00e4rtetes Glas zum Schutz des Displays unter Wahrung von Aufl\u00f6sung und Helligkeit<\/p>\n","protected":false},"excerpt":{"rendered":"<p>Zubeh\u00f6rset zum Laden und f\u00fcr den Schutz von iPhones<\/p>\n","protected":false},"featured_media":62154,"comment_status":"closed","ping_status":"closed","template":"","meta":{"_et_pb_use_builder":"","_et_pb_old_content":"","_et_gb_content_width":""},"pwb-brand":[],"product_cat":[542,559],"product_tag":[],"compatibilite":[],"compatibilite_smartphone":[4445],"brands":[],"_links":{"self":[{"href":"https:\/\/stage.shop-cellularswiss.ch\/de\/wp-json\/wp\/v2\/product\/61122"}],"collection":[{"href":"https:\/\/stage.shop-cellularswiss.ch\/de\/wp-json\/wp\/v2\/product"}],"about":[{"href":"https:\/\/stage.shop-cellularswiss.ch\/de\/wp-json\/wp\/v2\/types\/product"}],"replies":[{"embeddable":true,"href":"https:\/\/stage.shop-cellularswiss.ch\/de\/wp-json\/wp\/v2\/comments?post=61122"}],"wp:featuredmedia":[{"embeddable":true,"href":"https:\/\/stage.shop-cellularswiss.ch\/de\/wp-json\/wp\/v2\/media\/62154"}],"wp:attachment":[{"href":"https:\/\/stage.shop-cellularswiss.ch\/de\/wp-json\/wp\/v2\/media?parent=61122"}],"wp:term":[{"taxonomy":"pwb-brand","embeddable":true,"href":"https:\/\/stage.shop-cellularswiss.ch\/de\/wp-json\/wp\/v2\/pwb-brand?post=61122"},{"taxonomy":"product_cat","embeddable":true,"href":"https:\/\/stage.shop-cellularswiss.ch\/de\/wp-json\/wp\/v2\/product_cat?post=61122"},{"taxonomy":"product_tag","embeddable":true,"href":"https:\/\/stage.shop-cellularswiss.ch\/de\/wp-json\/wp\/v2\/product_tag?post=61122"},{"taxonomy":"compatibilite","embeddable":true,"href":"https:\/\/stage.shop-cellularswiss.ch\/de\/wp-json\/wp\/v2\/compatibilite?post=61122"},{"taxonomy":"compatibilite_smartphone","embeddable":true,"href":"https:\/\/stage.shop-cellularswiss.ch\/de\/wp-json\/wp\/v2\/compatibilite_smartphone?post=61122"}],"curies":[{"name":"wp","href":"https:\/\/api.w.org\/{rel}","templated":true}]}}