
{"id":61129,"date":"2021-07-27T16:58:26","date_gmt":"2021-07-27T15:31:23","guid":{"rendered":"https:\/\/stage.shop-cellularswiss.ch\/produit\/tetra-force-strong-twist-galaxy-a52-5g-4g\/"},"modified":"2021-07-27T17:31:25","modified_gmt":"2021-07-27T15:31:25","slug":"tetra-force-strong-twist-galaxy-a52-5g-4g","status":"publish","type":"product","link":"https:\/\/stage.shop-cellularswiss.ch\/de\/produit\/tetra-force-strong-twist-galaxy-a52-5g-4g\/","title":{"rendered":"Tetra Force Strong Twist &#8211; Galaxy A52 5G \/ 4G"},"content":{"rendered":"<p>Die flexible, ultrasch\u00fctzende H\u00fclle TETRA FORCE STRONG TWIST ist aus technologisch fortschrittlichen Materialien gefertigt, die die vom Sturz erzeugten Schwingungen d\u00e4mpfen und verteilen k\u00f6nnen, ideal f\u00fcr alle, die maximalen Schutz f\u00fcr ihr Smartphone suchen. Die von Cellularline entwickelte Technologie IDS (Impact Dissipating System)\u2122 verwendet das innovative Versaflex\u2122-Material, das die durch den Aufprall erzeugte Energie verteilt und m\u00f6gliche Sch\u00e4den an den \u00e4u\u00dferen und inneren Bauteilen des Smartphones vermeidet. Sie nutzt die antibakterielle Technologie Microban\u00ae, die das Bakterienwachstum auf der Oberfl\u00e4che der H\u00fclle um bis zu 99,9% reduziert und dank der Integration in das Material von Tetra Force Strong Twist st\u00e4ndig aktiv ist. Tetra Force Strong Twist hat eine lebenslange Garantie: Weitere Informationen finden Sie im Bereich Guaranteed For Life von Cellularline.<\/p>\n","protected":false},"excerpt":{"rendered":"<p>Flexible, ultrasch\u00fctzende H\u00fclle mit integrierter antibakterieller Technologie Microban\u00ae<\/p>\n","protected":false},"featured_media":62166,"comment_status":"closed","ping_status":"closed","template":"","meta":{"_et_pb_use_builder":"","_et_pb_old_content":"","_et_gb_content_width":""},"pwb-brand":[],"product_cat":[542,559],"product_tag":[],"compatibilite":[],"compatibilite_smartphone":[4656],"brands":[],"_links":{"self":[{"href":"https:\/\/stage.shop-cellularswiss.ch\/de\/wp-json\/wp\/v2\/product\/61129"}],"collection":[{"href":"https:\/\/stage.shop-cellularswiss.ch\/de\/wp-json\/wp\/v2\/product"}],"about":[{"href":"https:\/\/stage.shop-cellularswiss.ch\/de\/wp-json\/wp\/v2\/types\/product"}],"replies":[{"embeddable":true,"href":"https:\/\/stage.shop-cellularswiss.ch\/de\/wp-json\/wp\/v2\/comments?post=61129"}],"wp:featuredmedia":[{"embeddable":true,"href":"https:\/\/stage.shop-cellularswiss.ch\/de\/wp-json\/wp\/v2\/media\/62166"}],"wp:attachment":[{"href":"https:\/\/stage.shop-cellularswiss.ch\/de\/wp-json\/wp\/v2\/media?parent=61129"}],"wp:term":[{"taxonomy":"pwb-brand","embeddable":true,"href":"https:\/\/stage.shop-cellularswiss.ch\/de\/wp-json\/wp\/v2\/pwb-brand?post=61129"},{"taxonomy":"product_cat","embeddable":true,"href":"https:\/\/stage.shop-cellularswiss.ch\/de\/wp-json\/wp\/v2\/product_cat?post=61129"},{"taxonomy":"product_tag","embeddable":true,"href":"https:\/\/stage.shop-cellularswiss.ch\/de\/wp-json\/wp\/v2\/product_tag?post=61129"},{"taxonomy":"compatibilite","embeddable":true,"href":"https:\/\/stage.shop-cellularswiss.ch\/de\/wp-json\/wp\/v2\/compatibilite?post=61129"},{"taxonomy":"compatibilite_smartphone","embeddable":true,"href":"https:\/\/stage.shop-cellularswiss.ch\/de\/wp-json\/wp\/v2\/compatibilite_smartphone?post=61129"}],"curies":[{"name":"wp","href":"https:\/\/api.w.org\/{rel}","templated":true}]}}