
{"id":61132,"date":"2021-07-27T16:58:36","date_gmt":"2021-07-27T15:31:27","guid":{"rendered":"https:\/\/stage.shop-cellularswiss.ch\/produit\/universal-lace-universale\/"},"modified":"2021-07-27T17:31:39","modified_gmt":"2021-07-27T15:31:39","slug":"universal-lace-universale","status":"publish","type":"product","link":"https:\/\/stage.shop-cellularswiss.ch\/de\/produit\/universal-lace-universale\/","title":{"rendered":"Universal Lace &#8211; Universale"},"content":{"rendered":"<p>UNIVERSAL LACE ist die universelle L\u00f6sung f\u00fcr alle Smartphones und alle Arten von Schutzh\u00fcllen, mit dem Sie Ihr Smartphone um den Hals oder um die Schulter tragen k\u00f6nnen und immer griffbereit haben. Universal Lace besteht aus einem Gewebeband, an dem eine durchsichtige Kunststofflasche befestigt ist, die zwischen der Schutzh\u00fclle und dem Smartphone positioniert wird. Die Klebelasche wird an der Schutzh\u00fclle oder an der R\u00fcckseite des Telefons befestigt und kann dank des Epoxidklebers wieder abgel\u00f6st und mehrmals wiederverwendet werden.<\/p>\n","protected":false},"excerpt":{"rendered":"<p>Universelles Umh\u00e4ngeband f\u00fcr Smartphones<\/p>\n","protected":false},"featured_media":59724,"comment_status":"closed","ping_status":"closed","template":"","meta":{"_et_pb_use_builder":"","_et_pb_old_content":"","_et_gb_content_width":""},"pwb-brand":[],"product_cat":[3845,1781],"product_tag":[],"compatibilite":[],"compatibilite_smartphone":[],"brands":[],"_links":{"self":[{"href":"https:\/\/stage.shop-cellularswiss.ch\/de\/wp-json\/wp\/v2\/product\/61132"}],"collection":[{"href":"https:\/\/stage.shop-cellularswiss.ch\/de\/wp-json\/wp\/v2\/product"}],"about":[{"href":"https:\/\/stage.shop-cellularswiss.ch\/de\/wp-json\/wp\/v2\/types\/product"}],"replies":[{"embeddable":true,"href":"https:\/\/stage.shop-cellularswiss.ch\/de\/wp-json\/wp\/v2\/comments?post=61132"}],"wp:featuredmedia":[{"embeddable":true,"href":"https:\/\/stage.shop-cellularswiss.ch\/de\/wp-json\/wp\/v2\/media\/59724"}],"wp:attachment":[{"href":"https:\/\/stage.shop-cellularswiss.ch\/de\/wp-json\/wp\/v2\/media?parent=61132"}],"wp:term":[{"taxonomy":"pwb-brand","embeddable":true,"href":"https:\/\/stage.shop-cellularswiss.ch\/de\/wp-json\/wp\/v2\/pwb-brand?post=61132"},{"taxonomy":"product_cat","embeddable":true,"href":"https:\/\/stage.shop-cellularswiss.ch\/de\/wp-json\/wp\/v2\/product_cat?post=61132"},{"taxonomy":"product_tag","embeddable":true,"href":"https:\/\/stage.shop-cellularswiss.ch\/de\/wp-json\/wp\/v2\/product_tag?post=61132"},{"taxonomy":"compatibilite","embeddable":true,"href":"https:\/\/stage.shop-cellularswiss.ch\/de\/wp-json\/wp\/v2\/compatibilite?post=61132"},{"taxonomy":"compatibilite_smartphone","embeddable":true,"href":"https:\/\/stage.shop-cellularswiss.ch\/de\/wp-json\/wp\/v2\/compatibilite_smartphone?post=61132"}],"curies":[{"name":"wp","href":"https:\/\/api.w.org\/{rel}","templated":true}]}}