
{"id":61136,"date":"2021-07-27T17:31:36","date_gmt":"2021-07-27T15:31:36","guid":{"rendered":"https:\/\/stage.shop-cellularswiss.ch\/produit\/car-usb-c-adapter\/"},"modified":"2021-07-27T17:31:42","modified_gmt":"2021-07-27T15:31:42","slug":"car-usb-c-adapter","status":"publish","type":"product","link":"https:\/\/stage.shop-cellularswiss.ch\/de\/produit\/car-usb-c-adapter\/","title":{"rendered":"Car USB-C Adapter"},"content":{"rendered":"<p>Der CAR ADAPTER ist mit der USB-C-Buchse im Auto kompatibel und wandelt die USB-C-Buchse in USB um. Damit k\u00f6nnen Sie Ihr USB-Kabel auch im Auto benutzen. Er erm\u00f6glicht dar\u00fcber hinaus das Laden und die Daten\u00fcbertragung und schaltet die Infotainment-Systeme frei (Apple CarPlay und Android Auto), wenn sie im Fahrzeug vorgesehen sind.<\/p>\n","protected":false},"excerpt":{"rendered":"<p>Adapter f\u00fcr das Auto<\/p>\n","protected":false},"featured_media":59740,"comment_status":"closed","ping_status":"open","template":"","meta":{"_et_pb_use_builder":"","_et_pb_old_content":"","_et_gb_content_width":""},"pwb-brand":[],"product_cat":[3845,1781],"product_tag":[],"compatibilite":[],"compatibilite_smartphone":[],"brands":[],"_links":{"self":[{"href":"https:\/\/stage.shop-cellularswiss.ch\/de\/wp-json\/wp\/v2\/product\/61136"}],"collection":[{"href":"https:\/\/stage.shop-cellularswiss.ch\/de\/wp-json\/wp\/v2\/product"}],"about":[{"href":"https:\/\/stage.shop-cellularswiss.ch\/de\/wp-json\/wp\/v2\/types\/product"}],"replies":[{"embeddable":true,"href":"https:\/\/stage.shop-cellularswiss.ch\/de\/wp-json\/wp\/v2\/comments?post=61136"}],"wp:featuredmedia":[{"embeddable":true,"href":"https:\/\/stage.shop-cellularswiss.ch\/de\/wp-json\/wp\/v2\/media\/59740"}],"wp:attachment":[{"href":"https:\/\/stage.shop-cellularswiss.ch\/de\/wp-json\/wp\/v2\/media?parent=61136"}],"wp:term":[{"taxonomy":"pwb-brand","embeddable":true,"href":"https:\/\/stage.shop-cellularswiss.ch\/de\/wp-json\/wp\/v2\/pwb-brand?post=61136"},{"taxonomy":"product_cat","embeddable":true,"href":"https:\/\/stage.shop-cellularswiss.ch\/de\/wp-json\/wp\/v2\/product_cat?post=61136"},{"taxonomy":"product_tag","embeddable":true,"href":"https:\/\/stage.shop-cellularswiss.ch\/de\/wp-json\/wp\/v2\/product_tag?post=61136"},{"taxonomy":"compatibilite","embeddable":true,"href":"https:\/\/stage.shop-cellularswiss.ch\/de\/wp-json\/wp\/v2\/compatibilite?post=61136"},{"taxonomy":"compatibilite_smartphone","embeddable":true,"href":"https:\/\/stage.shop-cellularswiss.ch\/de\/wp-json\/wp\/v2\/compatibilite_smartphone?post=61136"}],"curies":[{"name":"wp","href":"https:\/\/api.w.org\/{rel}","templated":true}]}}