
{"id":63184,"date":"2021-09-15T16:01:20","date_gmt":"2021-09-15T14:10:40","guid":{"rendered":"https:\/\/stage.shop-cellularswiss.ch\/produit\/class-airtag\/"},"modified":"2021-09-15T16:10:48","modified_gmt":"2021-09-15T14:10:48","slug":"class-airtag","status":"publish","type":"product","link":"https:\/\/stage.shop-cellularswiss.ch\/de\/produit\/class-airtag\/","title":{"rendered":"Class &#8211; AirTag"},"content":{"rendered":"<p>CLASS ist eine Schutzh\u00fclle mit Lederoptik f\u00fcr den AirTag. Dank des praktischen Metallrings kann SHELL an Schl\u00fcssel, Taschen oder am Rucksack befestigt werden, damit Sie Ihren AirTag immer und \u00fcberall mitf\u00fchren k\u00f6nnen.<\/p>\n","protected":false},"excerpt":{"rendered":"<p>Schutzh\u00fclle mit Lederoptik und Ring f\u00fcr AirTags<\/p>\n","protected":false},"featured_media":67119,"comment_status":"closed","ping_status":"closed","template":"","meta":{"_et_pb_use_builder":"","_et_pb_old_content":"","_et_gb_content_width":""},"pwb-brand":[],"product_cat":[544,542],"product_tag":[],"compatibilite":[],"compatibilite_smartphone":[4663],"brands":[],"_links":{"self":[{"href":"https:\/\/stage.shop-cellularswiss.ch\/de\/wp-json\/wp\/v2\/product\/63184"}],"collection":[{"href":"https:\/\/stage.shop-cellularswiss.ch\/de\/wp-json\/wp\/v2\/product"}],"about":[{"href":"https:\/\/stage.shop-cellularswiss.ch\/de\/wp-json\/wp\/v2\/types\/product"}],"replies":[{"embeddable":true,"href":"https:\/\/stage.shop-cellularswiss.ch\/de\/wp-json\/wp\/v2\/comments?post=63184"}],"wp:featuredmedia":[{"embeddable":true,"href":"https:\/\/stage.shop-cellularswiss.ch\/de\/wp-json\/wp\/v2\/media\/67119"}],"wp:attachment":[{"href":"https:\/\/stage.shop-cellularswiss.ch\/de\/wp-json\/wp\/v2\/media?parent=63184"}],"wp:term":[{"taxonomy":"pwb-brand","embeddable":true,"href":"https:\/\/stage.shop-cellularswiss.ch\/de\/wp-json\/wp\/v2\/pwb-brand?post=63184"},{"taxonomy":"product_cat","embeddable":true,"href":"https:\/\/stage.shop-cellularswiss.ch\/de\/wp-json\/wp\/v2\/product_cat?post=63184"},{"taxonomy":"product_tag","embeddable":true,"href":"https:\/\/stage.shop-cellularswiss.ch\/de\/wp-json\/wp\/v2\/product_tag?post=63184"},{"taxonomy":"compatibilite","embeddable":true,"href":"https:\/\/stage.shop-cellularswiss.ch\/de\/wp-json\/wp\/v2\/compatibilite?post=63184"},{"taxonomy":"compatibilite_smartphone","embeddable":true,"href":"https:\/\/stage.shop-cellularswiss.ch\/de\/wp-json\/wp\/v2\/compatibilite_smartphone?post=63184"}],"curies":[{"name":"wp","href":"https:\/\/api.w.org\/{rel}","templated":true}]}}