
{"id":63198,"date":"2021-09-15T16:11:05","date_gmt":"2021-09-15T14:11:05","guid":{"rendered":"https:\/\/stage.shop-cellularswiss.ch\/produit\/shell-airtag\/"},"modified":"2021-09-15T16:11:08","modified_gmt":"2021-09-15T14:11:08","slug":"shell-airtag","status":"publish","type":"product","link":"https:\/\/stage.shop-cellularswiss.ch\/de\/produit\/shell-airtag\/","title":{"rendered":"Shell &#8211; Airtag"},"content":{"rendered":"<p>SHELL ist die transparente Schutzh\u00fclle aus weichem Gummi und sch\u00fctzt die Vorder- und R\u00fcckseite von AirTags. Dank des praktischen Karabiners kann SHELL an Schl\u00fcssel, Taschen oder am Rucksack befestigt werden, damit Sie Ihren AirTag immer und \u00fcberall mitf\u00fchren k\u00f6nnen.<\/p>\n","protected":false},"excerpt":{"rendered":"<p>Schutzh\u00fclle aus weichem Gummi mit Karabinerhaken f\u00fcr AirTags<\/p>\n","protected":false},"featured_media":63487,"comment_status":"closed","ping_status":"open","template":"","meta":{"_et_pb_use_builder":"","_et_pb_old_content":"","_et_gb_content_width":""},"pwb-brand":[],"product_cat":[544,542],"product_tag":[],"compatibilite":[],"compatibilite_smartphone":[4663],"brands":[],"_links":{"self":[{"href":"https:\/\/stage.shop-cellularswiss.ch\/de\/wp-json\/wp\/v2\/product\/63198"}],"collection":[{"href":"https:\/\/stage.shop-cellularswiss.ch\/de\/wp-json\/wp\/v2\/product"}],"about":[{"href":"https:\/\/stage.shop-cellularswiss.ch\/de\/wp-json\/wp\/v2\/types\/product"}],"replies":[{"embeddable":true,"href":"https:\/\/stage.shop-cellularswiss.ch\/de\/wp-json\/wp\/v2\/comments?post=63198"}],"wp:featuredmedia":[{"embeddable":true,"href":"https:\/\/stage.shop-cellularswiss.ch\/de\/wp-json\/wp\/v2\/media\/63487"}],"wp:attachment":[{"href":"https:\/\/stage.shop-cellularswiss.ch\/de\/wp-json\/wp\/v2\/media?parent=63198"}],"wp:term":[{"taxonomy":"pwb-brand","embeddable":true,"href":"https:\/\/stage.shop-cellularswiss.ch\/de\/wp-json\/wp\/v2\/pwb-brand?post=63198"},{"taxonomy":"product_cat","embeddable":true,"href":"https:\/\/stage.shop-cellularswiss.ch\/de\/wp-json\/wp\/v2\/product_cat?post=63198"},{"taxonomy":"product_tag","embeddable":true,"href":"https:\/\/stage.shop-cellularswiss.ch\/de\/wp-json\/wp\/v2\/product_tag?post=63198"},{"taxonomy":"compatibilite","embeddable":true,"href":"https:\/\/stage.shop-cellularswiss.ch\/de\/wp-json\/wp\/v2\/compatibilite?post=63198"},{"taxonomy":"compatibilite_smartphone","embeddable":true,"href":"https:\/\/stage.shop-cellularswiss.ch\/de\/wp-json\/wp\/v2\/compatibilite_smartphone?post=63198"}],"curies":[{"name":"wp","href":"https:\/\/api.w.org\/{rel}","templated":true}]}}