
{"id":63212,"date":"2021-09-15T16:11:31","date_gmt":"2021-09-15T14:11:31","guid":{"rendered":"https:\/\/stage.shop-cellularswiss.ch\/produit\/evolve\/"},"modified":"2021-09-15T16:11:33","modified_gmt":"2021-09-15T14:11:33","slug":"evolve","status":"publish","type":"product","link":"https:\/\/stage.shop-cellularswiss.ch\/de\/produit\/evolve\/","title":{"rendered":"EVOLVE"},"content":{"rendered":"<p>Evolve ist das Headset f\u00fcr alle, die Musik lieben und auf der Suche nach einer hochwertigen Klangqualit\u00e4t sind. Das LED-Display am Produkt zeigt den Ladestatus der Schutzh\u00fclle an und durch die seitliche Entnahme des Headsets ist Evolve bequem und praktisch im Gebrauch. Mit der Funktion Dual Master k\u00f6nnen der rechte oder der linke Kopfh\u00f6rer gleicherma\u00dfen verwendet werden und dank der Touch-Bedienung k\u00f6nnen Anrufe und Musik praktisch und schnell bei einer Akkulaufzeit von insgesamt bis zu 32 Stunden verwaltet werden.<\/p>\n","protected":false},"excerpt":{"rendered":"<p>True Wireless Headset in Kapselform<\/p>\n","protected":false},"featured_media":63635,"comment_status":"closed","ping_status":"open","template":"","meta":{"_et_pb_use_builder":"","_et_pb_old_content":"","_et_gb_content_width":""},"pwb-brand":[],"product_cat":[472,474],"product_tag":[],"compatibilite":[],"compatibilite_smartphone":[4658],"brands":[],"_links":{"self":[{"href":"https:\/\/stage.shop-cellularswiss.ch\/de\/wp-json\/wp\/v2\/product\/63212"}],"collection":[{"href":"https:\/\/stage.shop-cellularswiss.ch\/de\/wp-json\/wp\/v2\/product"}],"about":[{"href":"https:\/\/stage.shop-cellularswiss.ch\/de\/wp-json\/wp\/v2\/types\/product"}],"replies":[{"embeddable":true,"href":"https:\/\/stage.shop-cellularswiss.ch\/de\/wp-json\/wp\/v2\/comments?post=63212"}],"wp:featuredmedia":[{"embeddable":true,"href":"https:\/\/stage.shop-cellularswiss.ch\/de\/wp-json\/wp\/v2\/media\/63635"}],"wp:attachment":[{"href":"https:\/\/stage.shop-cellularswiss.ch\/de\/wp-json\/wp\/v2\/media?parent=63212"}],"wp:term":[{"taxonomy":"pwb-brand","embeddable":true,"href":"https:\/\/stage.shop-cellularswiss.ch\/de\/wp-json\/wp\/v2\/pwb-brand?post=63212"},{"taxonomy":"product_cat","embeddable":true,"href":"https:\/\/stage.shop-cellularswiss.ch\/de\/wp-json\/wp\/v2\/product_cat?post=63212"},{"taxonomy":"product_tag","embeddable":true,"href":"https:\/\/stage.shop-cellularswiss.ch\/de\/wp-json\/wp\/v2\/product_tag?post=63212"},{"taxonomy":"compatibilite","embeddable":true,"href":"https:\/\/stage.shop-cellularswiss.ch\/de\/wp-json\/wp\/v2\/compatibilite?post=63212"},{"taxonomy":"compatibilite_smartphone","embeddable":true,"href":"https:\/\/stage.shop-cellularswiss.ch\/de\/wp-json\/wp\/v2\/compatibilite_smartphone?post=63212"}],"curies":[{"name":"wp","href":"https:\/\/api.w.org\/{rel}","templated":true}]}}