
{"id":63213,"date":"2021-09-15T16:11:31","date_gmt":"2021-09-15T14:11:31","guid":{"rendered":"https:\/\/stage.shop-cellularswiss.ch\/produit\/fluent\/"},"modified":"2022-04-07T09:07:29","modified_gmt":"2022-04-07T07:07:29","slug":"fluent","status":"publish","type":"product","link":"https:\/\/stage.shop-cellularswiss.ch\/de\/produit\/fluent\/","title":{"rendered":"FLUENT"},"content":{"rendered":"<p>FLUENT ist ein ergonomisch aufgebautes Bluetooth\u00ae-Mono-Headset, das Komfort und Stabilit\u00e4t beim Gebrauch sicherstellt; mit dem Akku, der bis zu 25 Stunden Gespr\u00e4chszeit gew\u00e4hrleistet, ist es ideal f\u00fcr alle, die in vollkommener Freiheit und \u00fcber einen l\u00e4ngeren Zeitraum Anrufe t\u00e4tigen m\u00f6chten. Das angen\u00e4herte Mikrofon sorgt f\u00fcr einen klaren und sauberen Gespr\u00e4chsklang<\/p>\n","protected":false},"excerpt":{"rendered":"<p>Bluetooth\u00ae-Mono-Headset mit ergonomischem Design.<\/p>\n","protected":false},"featured_media":63655,"comment_status":"closed","ping_status":"open","template":"","meta":{"_et_pb_use_builder":"","_et_pb_old_content":"","_et_gb_content_width":""},"pwb-brand":[],"product_cat":[493,509],"product_tag":[],"compatibilite":[],"compatibilite_smartphone":[4658],"brands":[],"_links":{"self":[{"href":"https:\/\/stage.shop-cellularswiss.ch\/de\/wp-json\/wp\/v2\/product\/63213"}],"collection":[{"href":"https:\/\/stage.shop-cellularswiss.ch\/de\/wp-json\/wp\/v2\/product"}],"about":[{"href":"https:\/\/stage.shop-cellularswiss.ch\/de\/wp-json\/wp\/v2\/types\/product"}],"replies":[{"embeddable":true,"href":"https:\/\/stage.shop-cellularswiss.ch\/de\/wp-json\/wp\/v2\/comments?post=63213"}],"wp:featuredmedia":[{"embeddable":true,"href":"https:\/\/stage.shop-cellularswiss.ch\/de\/wp-json\/wp\/v2\/media\/63655"}],"wp:attachment":[{"href":"https:\/\/stage.shop-cellularswiss.ch\/de\/wp-json\/wp\/v2\/media?parent=63213"}],"wp:term":[{"taxonomy":"pwb-brand","embeddable":true,"href":"https:\/\/stage.shop-cellularswiss.ch\/de\/wp-json\/wp\/v2\/pwb-brand?post=63213"},{"taxonomy":"product_cat","embeddable":true,"href":"https:\/\/stage.shop-cellularswiss.ch\/de\/wp-json\/wp\/v2\/product_cat?post=63213"},{"taxonomy":"product_tag","embeddable":true,"href":"https:\/\/stage.shop-cellularswiss.ch\/de\/wp-json\/wp\/v2\/product_tag?post=63213"},{"taxonomy":"compatibilite","embeddable":true,"href":"https:\/\/stage.shop-cellularswiss.ch\/de\/wp-json\/wp\/v2\/compatibilite?post=63213"},{"taxonomy":"compatibilite_smartphone","embeddable":true,"href":"https:\/\/stage.shop-cellularswiss.ch\/de\/wp-json\/wp\/v2\/compatibilite_smartphone?post=63213"}],"curies":[{"name":"wp","href":"https:\/\/api.w.org\/{rel}","templated":true}]}}