
{"id":63214,"date":"2021-09-15T16:11:35","date_gmt":"2021-09-15T14:11:35","guid":{"rendered":"https:\/\/stage.shop-cellularswiss.ch\/produit\/gem\/"},"modified":"2021-09-15T16:11:37","modified_gmt":"2021-09-15T14:11:37","slug":"gem","status":"publish","type":"product","link":"https:\/\/stage.shop-cellularswiss.ch\/de\/produit\/gem\/","title":{"rendered":"GEM"},"content":{"rendered":"<p>GEM ist das perfekte In-Ear Stereo-Headset mit Bluetooth\u00ae, um absolut frei am Telefon sprechen zu k\u00f6nnen. H\u00f6chster Komfort und freie H\u00e4nde dank der Magnethalterung der Kopfh\u00f6rermuscheln, die ein bequemes Schlie\u00dfen der Kopfh\u00f6rer um den Hals erm\u00f6glicht, wenn diese nicht in Gebrauch sind. Mit der Fernbedienung werden Anrufe, Tracks und Lautst\u00e4rke direkt an den Kopfh\u00f6rern gesteuert.<\/p>\n","protected":false},"excerpt":{"rendered":"<p>Bluetooth\u00ae -Stereo-Headset mit Mikrofon und Fernbedienung.<\/p>\n","protected":false},"featured_media":63671,"comment_status":"closed","ping_status":"open","template":"","meta":{"_et_pb_use_builder":"","_et_pb_old_content":"","_et_gb_content_width":""},"pwb-brand":[],"product_cat":[493,509],"product_tag":[],"compatibilite":[],"compatibilite_smartphone":[4658],"brands":[],"_links":{"self":[{"href":"https:\/\/stage.shop-cellularswiss.ch\/de\/wp-json\/wp\/v2\/product\/63214"}],"collection":[{"href":"https:\/\/stage.shop-cellularswiss.ch\/de\/wp-json\/wp\/v2\/product"}],"about":[{"href":"https:\/\/stage.shop-cellularswiss.ch\/de\/wp-json\/wp\/v2\/types\/product"}],"replies":[{"embeddable":true,"href":"https:\/\/stage.shop-cellularswiss.ch\/de\/wp-json\/wp\/v2\/comments?post=63214"}],"wp:featuredmedia":[{"embeddable":true,"href":"https:\/\/stage.shop-cellularswiss.ch\/de\/wp-json\/wp\/v2\/media\/63671"}],"wp:attachment":[{"href":"https:\/\/stage.shop-cellularswiss.ch\/de\/wp-json\/wp\/v2\/media?parent=63214"}],"wp:term":[{"taxonomy":"pwb-brand","embeddable":true,"href":"https:\/\/stage.shop-cellularswiss.ch\/de\/wp-json\/wp\/v2\/pwb-brand?post=63214"},{"taxonomy":"product_cat","embeddable":true,"href":"https:\/\/stage.shop-cellularswiss.ch\/de\/wp-json\/wp\/v2\/product_cat?post=63214"},{"taxonomy":"product_tag","embeddable":true,"href":"https:\/\/stage.shop-cellularswiss.ch\/de\/wp-json\/wp\/v2\/product_tag?post=63214"},{"taxonomy":"compatibilite","embeddable":true,"href":"https:\/\/stage.shop-cellularswiss.ch\/de\/wp-json\/wp\/v2\/compatibilite?post=63214"},{"taxonomy":"compatibilite_smartphone","embeddable":true,"href":"https:\/\/stage.shop-cellularswiss.ch\/de\/wp-json\/wp\/v2\/compatibilite_smartphone?post=63214"}],"curies":[{"name":"wp","href":"https:\/\/api.w.org\/{rel}","templated":true}]}}