
{"id":63215,"date":"2021-09-15T16:02:41","date_gmt":"2021-09-15T14:11:35","guid":{"rendered":"https:\/\/stage.shop-cellularswiss.ch\/produit\/excellence\/"},"modified":"2021-09-15T16:11:40","modified_gmt":"2021-09-15T14:11:40","slug":"excellence","status":"publish","type":"product","link":"https:\/\/stage.shop-cellularswiss.ch\/de\/produit\/excellence\/","title":{"rendered":"EXCELLENCE"},"content":{"rendered":"<p>Excellence ist das Headset f\u00fcr alle, die leistungsstarken H\u00f6rgenuss suchen.  Dank der Technologie Hybrid ANC Excellence werden bis zu 32 dB der Umgebungsger\u00e4usche f\u00fcr einen klaren und sauberen Klang unterdr\u00fcckt. Die weichen Kopfh\u00f6rermuscheln sind zum bequemen Anh\u00f6ren der Musik f\u00fcr bis zu insgesamt 26 Stunden Wiedergabezeit mit einem einzigen Ladevorgang konzipiert. Dar\u00fcber hinaus l\u00e4dt Excellence in nur 15 Minuten so viel, dass es f\u00fcr insgesamt 6 Stunden Wiedergabe reicht.<\/p>\n","protected":false},"excerpt":{"rendered":"<p>Drahtlose Kopfh\u00f6rer mit aktiver Ger\u00e4uschunterdr\u00fcckung und Mikrofon<\/p>\n","protected":false},"featured_media":63695,"comment_status":"closed","ping_status":"closed","template":"","meta":{"_et_pb_use_builder":"","_et_pb_old_content":"","_et_gb_content_width":""},"pwb-brand":[],"product_cat":[472,474],"product_tag":[],"compatibilite":[],"compatibilite_smartphone":[4658],"brands":[],"_links":{"self":[{"href":"https:\/\/stage.shop-cellularswiss.ch\/de\/wp-json\/wp\/v2\/product\/63215"}],"collection":[{"href":"https:\/\/stage.shop-cellularswiss.ch\/de\/wp-json\/wp\/v2\/product"}],"about":[{"href":"https:\/\/stage.shop-cellularswiss.ch\/de\/wp-json\/wp\/v2\/types\/product"}],"replies":[{"embeddable":true,"href":"https:\/\/stage.shop-cellularswiss.ch\/de\/wp-json\/wp\/v2\/comments?post=63215"}],"wp:featuredmedia":[{"embeddable":true,"href":"https:\/\/stage.shop-cellularswiss.ch\/de\/wp-json\/wp\/v2\/media\/63695"}],"wp:attachment":[{"href":"https:\/\/stage.shop-cellularswiss.ch\/de\/wp-json\/wp\/v2\/media?parent=63215"}],"wp:term":[{"taxonomy":"pwb-brand","embeddable":true,"href":"https:\/\/stage.shop-cellularswiss.ch\/de\/wp-json\/wp\/v2\/pwb-brand?post=63215"},{"taxonomy":"product_cat","embeddable":true,"href":"https:\/\/stage.shop-cellularswiss.ch\/de\/wp-json\/wp\/v2\/product_cat?post=63215"},{"taxonomy":"product_tag","embeddable":true,"href":"https:\/\/stage.shop-cellularswiss.ch\/de\/wp-json\/wp\/v2\/product_tag?post=63215"},{"taxonomy":"compatibilite","embeddable":true,"href":"https:\/\/stage.shop-cellularswiss.ch\/de\/wp-json\/wp\/v2\/compatibilite?post=63215"},{"taxonomy":"compatibilite_smartphone","embeddable":true,"href":"https:\/\/stage.shop-cellularswiss.ch\/de\/wp-json\/wp\/v2\/compatibilite_smartphone?post=63215"}],"curies":[{"name":"wp","href":"https:\/\/api.w.org\/{rel}","templated":true}]}}