
{"id":63220,"date":"2021-09-15T16:11:46","date_gmt":"2021-09-15T14:11:46","guid":{"rendered":"https:\/\/stage.shop-cellularswiss.ch\/produit\/car-cinema-tablet\/"},"modified":"2021-09-15T16:11:48","modified_gmt":"2021-09-15T14:11:48","slug":"car-cinema-tablet","status":"publish","type":"product","link":"https:\/\/stage.shop-cellularswiss.ch\/de\/produit\/car-cinema-tablet\/","title":{"rendered":"Car Cinema &#8211; Tablet"},"content":{"rendered":"<p>CAR CINEMA ist die Autohalterung f\u00fcr Tablets bis zu 12,5&#8220; mit universellem Befestigungssystem f\u00fcr die Kopfst\u00fctze. Das um 360\u00b0 drehbare Kugelgelenk erm\u00f6glicht eine optimale Positionierung und Betrachtung des Tablets f\u00fcr den Genuss von Videoinhalten vom Beifahrersitz aus. CAR CINEMA verwandelt das Auto in ein Kino auf vier R\u00e4dern und macht die Fahrt angenehmer und unterh\u00e4lt auch die kleinsten Fahrg\u00e4ste!<\/p>\n","protected":false},"excerpt":{"rendered":"<p>Auto-Tablet-Halterung mit Universal-Kopfst\u00fctzen-Befestigungssystem<\/p>\n","protected":false},"featured_media":63747,"comment_status":"closed","ping_status":"open","template":"","meta":{"_et_pb_use_builder":"","_et_pb_old_content":"","_et_gb_content_width":""},"pwb-brand":[],"product_cat":[3853,1781],"product_tag":[],"compatibilite":[],"compatibilite_smartphone":[4658],"brands":[],"_links":{"self":[{"href":"https:\/\/stage.shop-cellularswiss.ch\/de\/wp-json\/wp\/v2\/product\/63220"}],"collection":[{"href":"https:\/\/stage.shop-cellularswiss.ch\/de\/wp-json\/wp\/v2\/product"}],"about":[{"href":"https:\/\/stage.shop-cellularswiss.ch\/de\/wp-json\/wp\/v2\/types\/product"}],"replies":[{"embeddable":true,"href":"https:\/\/stage.shop-cellularswiss.ch\/de\/wp-json\/wp\/v2\/comments?post=63220"}],"wp:featuredmedia":[{"embeddable":true,"href":"https:\/\/stage.shop-cellularswiss.ch\/de\/wp-json\/wp\/v2\/media\/63747"}],"wp:attachment":[{"href":"https:\/\/stage.shop-cellularswiss.ch\/de\/wp-json\/wp\/v2\/media?parent=63220"}],"wp:term":[{"taxonomy":"pwb-brand","embeddable":true,"href":"https:\/\/stage.shop-cellularswiss.ch\/de\/wp-json\/wp\/v2\/pwb-brand?post=63220"},{"taxonomy":"product_cat","embeddable":true,"href":"https:\/\/stage.shop-cellularswiss.ch\/de\/wp-json\/wp\/v2\/product_cat?post=63220"},{"taxonomy":"product_tag","embeddable":true,"href":"https:\/\/stage.shop-cellularswiss.ch\/de\/wp-json\/wp\/v2\/product_tag?post=63220"},{"taxonomy":"compatibilite","embeddable":true,"href":"https:\/\/stage.shop-cellularswiss.ch\/de\/wp-json\/wp\/v2\/compatibilite?post=63220"},{"taxonomy":"compatibilite_smartphone","embeddable":true,"href":"https:\/\/stage.shop-cellularswiss.ch\/de\/wp-json\/wp\/v2\/compatibilite_smartphone?post=63220"}],"curies":[{"name":"wp","href":"https:\/\/api.w.org\/{rel}","templated":true}]}}