
{"id":63221,"date":"2021-09-15T16:02:58","date_gmt":"2021-09-15T14:11:46","guid":{"rendered":"https:\/\/stage.shop-cellularswiss.ch\/produit\/usb-c-car-charger-kit-20w-usb-c-to-lightning-iphone-8-or-later\/"},"modified":"2021-09-15T16:11:51","modified_gmt":"2021-09-15T14:11:51","slug":"usb-c-car-charger-kit-20w-usb-c-to-lightning-iphone-8-or-later","status":"publish","type":"product","link":"https:\/\/stage.shop-cellularswiss.ch\/de\/produit\/usb-c-car-charger-kit-20w-usb-c-to-lightning-iphone-8-or-later\/","title":{"rendered":"USB-C Car Charger Kit 20W &#8211; USB-C to Lightning &#8211; iPhone 8 or later"},"content":{"rendered":"<p>USB-C CHARGER KIT 20 W ist das Autoladeger\u00e4t, das die perfekte L\u00f6sung bietet, um alle Apple-Ger\u00e4te, die mit der USB-C 20 W Ladetechnologie kompatibel sind, schnellstm\u00f6glich und absolut sicher aufzuladen. Das Ladeger\u00e4t USB-C Charger 20 W l\u00e4dt iPhone 8 und sp\u00e4tere Modelle sowie iPad mit Lightning-Stecker bei der h\u00f6chsten Geschwindigkeit auf. Das im Lieferumfang inbegriffene 100cm lange USB-C-auf-Lightning-Kabel kann neben dem Aufladen auch f\u00fcr den Datenaustausch mit dem MacBook und anderen Laptops mit USB-C-Port verwendet werden.<\/p>\n","protected":false},"excerpt":{"rendered":"<p>Autoladeger\u00e4t USB-C 20 W zum Aufladen von iPhone 8 und sp\u00e4teren Modellen mit USB-C auf Lightning-Kabel bei der h\u00f6chsten Geschwindigkeit<\/p>\n","protected":false},"featured_media":63767,"comment_status":"closed","ping_status":"closed","template":"","meta":{"_et_pb_use_builder":"","_et_pb_old_content":"","_et_gb_content_width":""},"pwb-brand":[],"product_cat":[3848,1781],"product_tag":[],"compatibilite":[],"compatibilite_smartphone":[4442,4445,4444,4674,4468],"brands":[],"_links":{"self":[{"href":"https:\/\/stage.shop-cellularswiss.ch\/de\/wp-json\/wp\/v2\/product\/63221"}],"collection":[{"href":"https:\/\/stage.shop-cellularswiss.ch\/de\/wp-json\/wp\/v2\/product"}],"about":[{"href":"https:\/\/stage.shop-cellularswiss.ch\/de\/wp-json\/wp\/v2\/types\/product"}],"replies":[{"embeddable":true,"href":"https:\/\/stage.shop-cellularswiss.ch\/de\/wp-json\/wp\/v2\/comments?post=63221"}],"wp:featuredmedia":[{"embeddable":true,"href":"https:\/\/stage.shop-cellularswiss.ch\/de\/wp-json\/wp\/v2\/media\/63767"}],"wp:attachment":[{"href":"https:\/\/stage.shop-cellularswiss.ch\/de\/wp-json\/wp\/v2\/media?parent=63221"}],"wp:term":[{"taxonomy":"pwb-brand","embeddable":true,"href":"https:\/\/stage.shop-cellularswiss.ch\/de\/wp-json\/wp\/v2\/pwb-brand?post=63221"},{"taxonomy":"product_cat","embeddable":true,"href":"https:\/\/stage.shop-cellularswiss.ch\/de\/wp-json\/wp\/v2\/product_cat?post=63221"},{"taxonomy":"product_tag","embeddable":true,"href":"https:\/\/stage.shop-cellularswiss.ch\/de\/wp-json\/wp\/v2\/product_tag?post=63221"},{"taxonomy":"compatibilite","embeddable":true,"href":"https:\/\/stage.shop-cellularswiss.ch\/de\/wp-json\/wp\/v2\/compatibilite?post=63221"},{"taxonomy":"compatibilite_smartphone","embeddable":true,"href":"https:\/\/stage.shop-cellularswiss.ch\/de\/wp-json\/wp\/v2\/compatibilite_smartphone?post=63221"}],"curies":[{"name":"wp","href":"https:\/\/api.w.org\/{rel}","templated":true}]}}