
{"id":63224,"date":"2021-09-15T16:03:06","date_gmt":"2021-09-15T14:11:53","guid":{"rendered":"https:\/\/stage.shop-cellularswiss.ch\/produit\/super-fast-car-power-25w-samsung\/"},"modified":"2021-09-15T16:11:55","modified_gmt":"2021-09-15T14:11:55","slug":"super-fast-car-power-25w-samsung","status":"publish","type":"product","link":"https:\/\/stage.shop-cellularswiss.ch\/de\/produit\/super-fast-car-power-25w-samsung\/","title":{"rendered":"Super Fast Car Power 25W &#8211; Samsung"},"content":{"rendered":"<p>SUPER FAST CAR POWER 25 W ist das ideale Autoladeger\u00e4t zum schnellstm\u00f6glichen und sicheren Aufladen aller Samsung-Ger\u00e4te mit USB-C-Anschluss, die mit der Ladetechnologie Super Fast Charge PD 25 W kompatibel sind.<\/p>\n","protected":false},"excerpt":{"rendered":"<p>USB-C-Autoladeger\u00e4t Super Fast Charge 25 W<\/p>\n","protected":false},"featured_media":63791,"comment_status":"closed","ping_status":"closed","template":"","meta":{"_et_pb_use_builder":"","_et_pb_old_content":"","_et_gb_content_width":""},"pwb-brand":[],"product_cat":[3848,1781],"product_tag":[],"compatibilite":[],"compatibilite_smartphone":[4676],"brands":[],"_links":{"self":[{"href":"https:\/\/stage.shop-cellularswiss.ch\/de\/wp-json\/wp\/v2\/product\/63224"}],"collection":[{"href":"https:\/\/stage.shop-cellularswiss.ch\/de\/wp-json\/wp\/v2\/product"}],"about":[{"href":"https:\/\/stage.shop-cellularswiss.ch\/de\/wp-json\/wp\/v2\/types\/product"}],"replies":[{"embeddable":true,"href":"https:\/\/stage.shop-cellularswiss.ch\/de\/wp-json\/wp\/v2\/comments?post=63224"}],"wp:featuredmedia":[{"embeddable":true,"href":"https:\/\/stage.shop-cellularswiss.ch\/de\/wp-json\/wp\/v2\/media\/63791"}],"wp:attachment":[{"href":"https:\/\/stage.shop-cellularswiss.ch\/de\/wp-json\/wp\/v2\/media?parent=63224"}],"wp:term":[{"taxonomy":"pwb-brand","embeddable":true,"href":"https:\/\/stage.shop-cellularswiss.ch\/de\/wp-json\/wp\/v2\/pwb-brand?post=63224"},{"taxonomy":"product_cat","embeddable":true,"href":"https:\/\/stage.shop-cellularswiss.ch\/de\/wp-json\/wp\/v2\/product_cat?post=63224"},{"taxonomy":"product_tag","embeddable":true,"href":"https:\/\/stage.shop-cellularswiss.ch\/de\/wp-json\/wp\/v2\/product_tag?post=63224"},{"taxonomy":"compatibilite","embeddable":true,"href":"https:\/\/stage.shop-cellularswiss.ch\/de\/wp-json\/wp\/v2\/compatibilite?post=63224"},{"taxonomy":"compatibilite_smartphone","embeddable":true,"href":"https:\/\/stage.shop-cellularswiss.ch\/de\/wp-json\/wp\/v2\/compatibilite_smartphone?post=63224"}],"curies":[{"name":"wp","href":"https:\/\/api.w.org\/{rel}","templated":true}]}}