
{"id":63226,"date":"2021-09-15T16:11:57","date_gmt":"2021-09-15T14:11:57","guid":{"rendered":"https:\/\/stage.shop-cellularswiss.ch\/produit\/touch-hook-universal\/"},"modified":"2021-09-15T16:11:59","modified_gmt":"2021-09-15T14:11:59","slug":"touch-hook-universal","status":"publish","type":"product","link":"https:\/\/stage.shop-cellularswiss.ch\/de\/produit\/touch-hook-universal\/","title":{"rendered":"Touch Hook &#8211;  Universal"},"content":{"rendered":"<p>TOUCH HOOK ist eine magnetische Smartphonehalterung f\u00fcr das Auto, ganz ohne mechanische Bet\u00e4tigung: Einfach eine der mitgelieferten Metallplatten auf der R\u00fcckseite des Smartphones anbringen, um es mit einer einfachen Handbewegung in die Halterung einzusetzen und wieder herauszunehmen. Ausgestattet mit der exklusiven Mag4-Magnettechnologie ist der Touch Hook SICHER, STARK, EINFACH und STABIL: Er l\u00e4sst sich leicht anbringen und h\u00e4lt selbst das schwerste Smartphone, ohne dessen Funktionen zu beeintr\u00e4chtigen. Er wird an Kopfst\u00fctzenrohren mit einem Durchmesser zwischen 8 und 12mm befestigt. Das einstellbare Kugelgelenk und eine Drehung um 360\u00b0 erm\u00f6glichen optimale Positionierung und Sicht auf das Smartphone.<\/p>\n","protected":false},"excerpt":{"rendered":"<p>Magnetische Smartphone Halterung f\u00fcr das Auto mit Kopfst\u00fctzenbefestigung<\/p>\n","protected":false},"featured_media":63807,"comment_status":"closed","ping_status":"open","template":"","meta":{"_et_pb_use_builder":"","_et_pb_old_content":"","_et_gb_content_width":""},"pwb-brand":[],"product_cat":[3853,1781],"product_tag":[],"compatibilite":[],"compatibilite_smartphone":[4658],"brands":[],"_links":{"self":[{"href":"https:\/\/stage.shop-cellularswiss.ch\/de\/wp-json\/wp\/v2\/product\/63226"}],"collection":[{"href":"https:\/\/stage.shop-cellularswiss.ch\/de\/wp-json\/wp\/v2\/product"}],"about":[{"href":"https:\/\/stage.shop-cellularswiss.ch\/de\/wp-json\/wp\/v2\/types\/product"}],"replies":[{"embeddable":true,"href":"https:\/\/stage.shop-cellularswiss.ch\/de\/wp-json\/wp\/v2\/comments?post=63226"}],"wp:featuredmedia":[{"embeddable":true,"href":"https:\/\/stage.shop-cellularswiss.ch\/de\/wp-json\/wp\/v2\/media\/63807"}],"wp:attachment":[{"href":"https:\/\/stage.shop-cellularswiss.ch\/de\/wp-json\/wp\/v2\/media?parent=63226"}],"wp:term":[{"taxonomy":"pwb-brand","embeddable":true,"href":"https:\/\/stage.shop-cellularswiss.ch\/de\/wp-json\/wp\/v2\/pwb-brand?post=63226"},{"taxonomy":"product_cat","embeddable":true,"href":"https:\/\/stage.shop-cellularswiss.ch\/de\/wp-json\/wp\/v2\/product_cat?post=63226"},{"taxonomy":"product_tag","embeddable":true,"href":"https:\/\/stage.shop-cellularswiss.ch\/de\/wp-json\/wp\/v2\/product_tag?post=63226"},{"taxonomy":"compatibilite","embeddable":true,"href":"https:\/\/stage.shop-cellularswiss.ch\/de\/wp-json\/wp\/v2\/compatibilite?post=63226"},{"taxonomy":"compatibilite_smartphone","embeddable":true,"href":"https:\/\/stage.shop-cellularswiss.ch\/de\/wp-json\/wp\/v2\/compatibilite_smartphone?post=63226"}],"curies":[{"name":"wp","href":"https:\/\/api.w.org\/{rel}","templated":true}]}}