
{"id":63228,"date":"2021-09-15T16:12:01","date_gmt":"2021-09-15T14:12:01","guid":{"rendered":"https:\/\/stage.shop-cellularswiss.ch\/produit\/touch-air-mag-iphone-12-and-later\/"},"modified":"2021-09-29T15:17:36","modified_gmt":"2021-09-29T13:17:36","slug":"touch-air-mag-iphone-12-and-later","status":"publish","type":"product","link":"https:\/\/stage.shop-cellularswiss.ch\/de\/produit\/touch-air-mag-iphone-12-and-later\/","title":{"rendered":"Touch Air Mag &#8211; iPhone 12 and later"},"content":{"rendered":"<p>TOUCH AIR MAG ist die magnetische Auto-Smartphonehalterung f\u00fcr kabelloses Aufladen speziell von iPhones mit MagSafe-System. Ohne Mechanik: Dank der im iPhone integrierten Magnete k\u00f6nnen Sie Ihr Ger\u00e4t mit einem einfachen und schnellen Handgriff an der Halterung anbringen oder von ihr entfernen. SICHER, SOLIDE, EINFACH und STABIL: Einfach anzubringen, h\u00e4lt das iPhone fest an seinem Platz, ohne seine Funktionen zu st\u00f6ren. Touch Air Mag bietet schnelles kabelloses Aufladen mit 7,5W speziell von iPhones, so dass Ihr Smartphone auch w\u00e4hrend der Fahrt geladen bleibt. L\u00e4sst sich an allen L\u00fcftungsgittern anbringen, au\u00dfer an runden.<\/p>\n","protected":false},"excerpt":{"rendered":"<p>Magnetische Auto-Smartphonehalterung f\u00fcr das kabellose Aufladen mit dem MagSafe-System<\/p>\n","protected":false},"featured_media":63843,"comment_status":"closed","ping_status":"open","template":"","meta":{"_et_pb_use_builder":"","_et_pb_old_content":"","_et_gb_content_width":""},"pwb-brand":[],"product_cat":[3853,1781],"product_tag":[],"compatibilite":[],"compatibilite_smartphone":[4665,4445],"brands":[],"_links":{"self":[{"href":"https:\/\/stage.shop-cellularswiss.ch\/de\/wp-json\/wp\/v2\/product\/63228"}],"collection":[{"href":"https:\/\/stage.shop-cellularswiss.ch\/de\/wp-json\/wp\/v2\/product"}],"about":[{"href":"https:\/\/stage.shop-cellularswiss.ch\/de\/wp-json\/wp\/v2\/types\/product"}],"replies":[{"embeddable":true,"href":"https:\/\/stage.shop-cellularswiss.ch\/de\/wp-json\/wp\/v2\/comments?post=63228"}],"wp:featuredmedia":[{"embeddable":true,"href":"https:\/\/stage.shop-cellularswiss.ch\/de\/wp-json\/wp\/v2\/media\/63843"}],"wp:attachment":[{"href":"https:\/\/stage.shop-cellularswiss.ch\/de\/wp-json\/wp\/v2\/media?parent=63228"}],"wp:term":[{"taxonomy":"pwb-brand","embeddable":true,"href":"https:\/\/stage.shop-cellularswiss.ch\/de\/wp-json\/wp\/v2\/pwb-brand?post=63228"},{"taxonomy":"product_cat","embeddable":true,"href":"https:\/\/stage.shop-cellularswiss.ch\/de\/wp-json\/wp\/v2\/product_cat?post=63228"},{"taxonomy":"product_tag","embeddable":true,"href":"https:\/\/stage.shop-cellularswiss.ch\/de\/wp-json\/wp\/v2\/product_tag?post=63228"},{"taxonomy":"compatibilite","embeddable":true,"href":"https:\/\/stage.shop-cellularswiss.ch\/de\/wp-json\/wp\/v2\/compatibilite?post=63228"},{"taxonomy":"compatibilite_smartphone","embeddable":true,"href":"https:\/\/stage.shop-cellularswiss.ch\/de\/wp-json\/wp\/v2\/compatibilite_smartphone?post=63228"}],"curies":[{"name":"wp","href":"https:\/\/api.w.org\/{rel}","templated":true}]}}