
{"id":63230,"date":"2021-09-15T16:03:22","date_gmt":"2021-09-15T14:12:05","guid":{"rendered":"https:\/\/stage.shop-cellularswiss.ch\/produit\/octopus-wireless-power-bank-10000\/"},"modified":"2021-09-15T16:12:07","modified_gmt":"2021-09-15T14:12:07","slug":"octopus-wireless-power-bank-10000","status":"publish","type":"product","link":"https:\/\/stage.shop-cellularswiss.ch\/de\/produit\/octopus-wireless-power-bank-10000\/","title":{"rendered":"OCTOPUS Wireless Power Bank 10000"},"content":{"rendered":"<p>OCTOPUS 10000 ist die kabellose Powerbank von Cellularline, die ein schnelles Aufladen aller Smartphones, die mit dem Wireless Qi-Ladestandard kompatibel sind, erm\u00f6glicht.  Dank des Befestigungssystems mit Saugn\u00e4pfen haftet das Akkuladeger\u00e4t fest am Smartphone, so dass das Ger\u00e4t problemlos, ohne Kabel aufgeladen und gleichzeitig weiter verwendet werden kann.  OCTOPUS 10000 ist au\u00dferdem mit einem praktischen versenkbaren Standfu\u00df ausgestattet, so dass ein komfortables Betrachten des Bildschirms Ihres Ger\u00e4ts w\u00e4hrend des Ladevorgangs m\u00f6glich ist.  Die USB-, USB-C- und MICRO-USB-Ports erm\u00f6glichen ein Aufladen mit einem Kabel, falls dies erforderlich ist.<\/p>\n","protected":false},"excerpt":{"rendered":"<p>Portables Akkuladeger\u00e4t mit kabelloser Aufladung<\/p>\n","protected":false},"featured_media":0,"comment_status":"closed","ping_status":"closed","template":"","meta":{"_et_pb_use_builder":"","_et_pb_old_content":"","_et_gb_content_width":""},"pwb-brand":[],"product_cat":[1781,1793],"product_tag":[],"compatibilite":[],"compatibilite_smartphone":[4658],"brands":[],"_links":{"self":[{"href":"https:\/\/stage.shop-cellularswiss.ch\/de\/wp-json\/wp\/v2\/product\/63230"}],"collection":[{"href":"https:\/\/stage.shop-cellularswiss.ch\/de\/wp-json\/wp\/v2\/product"}],"about":[{"href":"https:\/\/stage.shop-cellularswiss.ch\/de\/wp-json\/wp\/v2\/types\/product"}],"replies":[{"embeddable":true,"href":"https:\/\/stage.shop-cellularswiss.ch\/de\/wp-json\/wp\/v2\/comments?post=63230"}],"wp:attachment":[{"href":"https:\/\/stage.shop-cellularswiss.ch\/de\/wp-json\/wp\/v2\/media?parent=63230"}],"wp:term":[{"taxonomy":"pwb-brand","embeddable":true,"href":"https:\/\/stage.shop-cellularswiss.ch\/de\/wp-json\/wp\/v2\/pwb-brand?post=63230"},{"taxonomy":"product_cat","embeddable":true,"href":"https:\/\/stage.shop-cellularswiss.ch\/de\/wp-json\/wp\/v2\/product_cat?post=63230"},{"taxonomy":"product_tag","embeddable":true,"href":"https:\/\/stage.shop-cellularswiss.ch\/de\/wp-json\/wp\/v2\/product_tag?post=63230"},{"taxonomy":"compatibilite","embeddable":true,"href":"https:\/\/stage.shop-cellularswiss.ch\/de\/wp-json\/wp\/v2\/compatibilite?post=63230"},{"taxonomy":"compatibilite_smartphone","embeddable":true,"href":"https:\/\/stage.shop-cellularswiss.ch\/de\/wp-json\/wp\/v2\/compatibilite_smartphone?post=63230"}],"curies":[{"name":"wp","href":"https:\/\/api.w.org\/{rel}","templated":true}]}}