
{"id":63241,"date":"2021-09-15T16:03:51","date_gmt":"2021-09-15T14:12:23","guid":{"rendered":"https:\/\/stage.shop-cellularswiss.ch\/produit\/neon-wireless-charger-apple-samsung-and-other-wireless-smartphones-2\/"},"modified":"2021-09-15T16:12:30","modified_gmt":"2021-09-15T14:12:30","slug":"neon-wireless-charger-apple-samsung-and-other-wireless-smartphones-2","status":"publish","type":"product","link":"https:\/\/stage.shop-cellularswiss.ch\/de\/produit\/neon-wireless-charger-apple-samsung-and-other-wireless-smartphones-2\/","title":{"rendered":"Neon Wireless Charger &#8211; Apple, Samsung and other Wireless Smartphones"},"content":{"rendered":"<p>NEON WIRELESS CHARGER ist eine farbenfrohe kabellose Ladestation mit Qi-Zertifizierung durch das Wireless Power Consortium, mit der Sie alle Smartphones, die mit kabellosem Laden nach Qi-Standard kompatibel sind, schnell aufladen k\u00f6nnen. Ausgestattet mit einem integrierten USB-Kabel, ist sie die perfekte L\u00f6sung, um Ihr Telefon jederzeit aufgeladen und griffbereit zu haben. Um ein schnelles Laden mit 10W zu erm\u00f6glichen, ist die Verwendung eines adaptiven USB-Ladeger\u00e4ts mit mindestens 18W Leistung erforderlich, das nicht im Lieferumfang enthalten ist.<\/p>\n","protected":false},"excerpt":{"rendered":"<p>Farbige kabellose Ladestation<\/p>\n","protected":false},"featured_media":63979,"comment_status":"closed","ping_status":"closed","template":"","meta":{"_et_pb_use_builder":"","_et_pb_old_content":"","_et_gb_content_width":""},"pwb-brand":[],"product_cat":[1781,1784],"product_tag":[],"compatibilite":[],"compatibilite_smartphone":[4437,4439,4438,4446,4445,4444,4380,4362,4440,4358,4435,4434,4692,4698,4697,4421,4701,4699,4695,4685,4690,4694,4691,4684,4696,4422,4427,4428,4688,4683,4680,4401,4425,4424,4682,4700,4681,4686,4393,4412,4397,4661,4659,4693,4702,4689,4687],"brands":[],"_links":{"self":[{"href":"https:\/\/stage.shop-cellularswiss.ch\/de\/wp-json\/wp\/v2\/product\/63241"}],"collection":[{"href":"https:\/\/stage.shop-cellularswiss.ch\/de\/wp-json\/wp\/v2\/product"}],"about":[{"href":"https:\/\/stage.shop-cellularswiss.ch\/de\/wp-json\/wp\/v2\/types\/product"}],"replies":[{"embeddable":true,"href":"https:\/\/stage.shop-cellularswiss.ch\/de\/wp-json\/wp\/v2\/comments?post=63241"}],"wp:featuredmedia":[{"embeddable":true,"href":"https:\/\/stage.shop-cellularswiss.ch\/de\/wp-json\/wp\/v2\/media\/63979"}],"wp:attachment":[{"href":"https:\/\/stage.shop-cellularswiss.ch\/de\/wp-json\/wp\/v2\/media?parent=63241"}],"wp:term":[{"taxonomy":"pwb-brand","embeddable":true,"href":"https:\/\/stage.shop-cellularswiss.ch\/de\/wp-json\/wp\/v2\/pwb-brand?post=63241"},{"taxonomy":"product_cat","embeddable":true,"href":"https:\/\/stage.shop-cellularswiss.ch\/de\/wp-json\/wp\/v2\/product_cat?post=63241"},{"taxonomy":"product_tag","embeddable":true,"href":"https:\/\/stage.shop-cellularswiss.ch\/de\/wp-json\/wp\/v2\/product_tag?post=63241"},{"taxonomy":"compatibilite","embeddable":true,"href":"https:\/\/stage.shop-cellularswiss.ch\/de\/wp-json\/wp\/v2\/compatibilite?post=63241"},{"taxonomy":"compatibilite_smartphone","embeddable":true,"href":"https:\/\/stage.shop-cellularswiss.ch\/de\/wp-json\/wp\/v2\/compatibilite_smartphone?post=63241"}],"curies":[{"name":"wp","href":"https:\/\/api.w.org\/{rel}","templated":true}]}}