
{"id":65432,"date":"2021-09-23T14:18:54","date_gmt":"2021-09-23T12:18:54","guid":{"rendered":"https:\/\/stage.shop-cellularswiss.ch\/produit\/usb-c-charger-kit-18w-usb-c-to-lightning-iphone-8-or-later\/"},"modified":"2021-09-23T14:18:56","modified_gmt":"2021-09-23T12:18:56","slug":"usb-c-charger-kit-18w-usb-c-to-lightning-iphone-8-or-later","status":"publish","type":"product","link":"https:\/\/stage.shop-cellularswiss.ch\/de\/produit\/usb-c-charger-kit-18w-usb-c-to-lightning-iphone-8-or-later\/","title":{"rendered":"USB-C Charger Kit 18W &#8211; USB-C to Lightning &#8211; iPhone 8 or later"},"content":{"rendered":"<p>USB-C CHARGER KIT 18W ist das Netzladeger\u00e4t, das die perfekte L\u00f6sung bietet, um alle Apple-Ger\u00e4te, die mit der USB-C 18 W Ladetechnologie kompatibel sind, schnellstm\u00f6glich und absolut sicher aufzuladen. Das Ladeger\u00e4t USB-C Charger Kit 18W l\u00e4dt iPhones 8 und h\u00f6her in h\u00f6chster Geschwindigkeit auf. Im Lieferumfang enthalten ist das 100cm USB-C-zu-Lightning-Kabel f\u00fcr iPhones, das das Laden und \u00dcbertragen von Daten auch mit Macbooks und anderen Laptops mit USB-C-Anschluss erm\u00f6glicht.<\/p>\n","protected":false},"excerpt":{"rendered":"<p>Netzladeger\u00e4t USB-C 18 W zum schnellen Aufladen von iPhone 8 oder sp\u00e4teren Modellen mit USB-C auf Lightning<\/p>\n","protected":false},"featured_media":48525,"comment_status":"closed","ping_status":"open","template":"","meta":{"_et_pb_use_builder":"","_et_pb_old_content":"","_et_gb_content_width":""},"pwb-brand":[],"product_cat":[1781,1784],"product_tag":[],"compatibilite":[],"compatibilite_smartphone":[4724],"brands":[],"_links":{"self":[{"href":"https:\/\/stage.shop-cellularswiss.ch\/de\/wp-json\/wp\/v2\/product\/65432"}],"collection":[{"href":"https:\/\/stage.shop-cellularswiss.ch\/de\/wp-json\/wp\/v2\/product"}],"about":[{"href":"https:\/\/stage.shop-cellularswiss.ch\/de\/wp-json\/wp\/v2\/types\/product"}],"replies":[{"embeddable":true,"href":"https:\/\/stage.shop-cellularswiss.ch\/de\/wp-json\/wp\/v2\/comments?post=65432"}],"wp:featuredmedia":[{"embeddable":true,"href":"https:\/\/stage.shop-cellularswiss.ch\/de\/wp-json\/wp\/v2\/media\/48525"}],"wp:attachment":[{"href":"https:\/\/stage.shop-cellularswiss.ch\/de\/wp-json\/wp\/v2\/media?parent=65432"}],"wp:term":[{"taxonomy":"pwb-brand","embeddable":true,"href":"https:\/\/stage.shop-cellularswiss.ch\/de\/wp-json\/wp\/v2\/pwb-brand?post=65432"},{"taxonomy":"product_cat","embeddable":true,"href":"https:\/\/stage.shop-cellularswiss.ch\/de\/wp-json\/wp\/v2\/product_cat?post=65432"},{"taxonomy":"product_tag","embeddable":true,"href":"https:\/\/stage.shop-cellularswiss.ch\/de\/wp-json\/wp\/v2\/product_tag?post=65432"},{"taxonomy":"compatibilite","embeddable":true,"href":"https:\/\/stage.shop-cellularswiss.ch\/de\/wp-json\/wp\/v2\/compatibilite?post=65432"},{"taxonomy":"compatibilite_smartphone","embeddable":true,"href":"https:\/\/stage.shop-cellularswiss.ch\/de\/wp-json\/wp\/v2\/compatibilite_smartphone?post=65432"}],"curies":[{"name":"wp","href":"https:\/\/api.w.org\/{rel}","templated":true}]}}