
{"id":65433,"date":"2021-09-23T14:18:54","date_gmt":"2021-09-23T12:18:54","guid":{"rendered":"https:\/\/stage.shop-cellularswiss.ch\/produit\/usb-c-charger-18w-iphone-8-or-later\/"},"modified":"2021-09-23T14:19:01","modified_gmt":"2021-09-23T12:19:01","slug":"usb-c-charger-18w-iphone-8-or-later","status":"publish","type":"product","link":"https:\/\/stage.shop-cellularswiss.ch\/de\/produit\/usb-c-charger-18w-iphone-8-or-later\/","title":{"rendered":"USB-C Charger 18W &#8211; iPhone 8 or later"},"content":{"rendered":"<p>USB-C CHARGER 18W ist das Netzladeger\u00e4t, das die perfekte L\u00f6sung bietet, um alle Apple-Ger\u00e4te, die mit der USB-C 18 W Ladetechnologie kompatibel sind, schnellstm\u00f6glich und absolut sicher aufzuladen. Das Ladeger\u00e4t USB-C Charger 18W l\u00e4dt iPhones 8 und h\u00f6her und iPads.<\/p>\n","protected":false},"excerpt":{"rendered":"<p>Netzladeger\u00e4t USB-C 18 W zum schnellen Aufladen von iPhone 8 oder sp\u00e4teren Modellen<\/p>\n","protected":false},"featured_media":0,"comment_status":"closed","ping_status":"open","template":"","meta":{"_et_pb_use_builder":"","_et_pb_old_content":"","_et_gb_content_width":""},"pwb-brand":[],"product_cat":[1781,1784],"product_tag":[],"compatibilite":[],"compatibilite_smartphone":[4724],"brands":[],"_links":{"self":[{"href":"https:\/\/stage.shop-cellularswiss.ch\/de\/wp-json\/wp\/v2\/product\/65433"}],"collection":[{"href":"https:\/\/stage.shop-cellularswiss.ch\/de\/wp-json\/wp\/v2\/product"}],"about":[{"href":"https:\/\/stage.shop-cellularswiss.ch\/de\/wp-json\/wp\/v2\/types\/product"}],"replies":[{"embeddable":true,"href":"https:\/\/stage.shop-cellularswiss.ch\/de\/wp-json\/wp\/v2\/comments?post=65433"}],"wp:attachment":[{"href":"https:\/\/stage.shop-cellularswiss.ch\/de\/wp-json\/wp\/v2\/media?parent=65433"}],"wp:term":[{"taxonomy":"pwb-brand","embeddable":true,"href":"https:\/\/stage.shop-cellularswiss.ch\/de\/wp-json\/wp\/v2\/pwb-brand?post=65433"},{"taxonomy":"product_cat","embeddable":true,"href":"https:\/\/stage.shop-cellularswiss.ch\/de\/wp-json\/wp\/v2\/product_cat?post=65433"},{"taxonomy":"product_tag","embeddable":true,"href":"https:\/\/stage.shop-cellularswiss.ch\/de\/wp-json\/wp\/v2\/product_tag?post=65433"},{"taxonomy":"compatibilite","embeddable":true,"href":"https:\/\/stage.shop-cellularswiss.ch\/de\/wp-json\/wp\/v2\/compatibilite?post=65433"},{"taxonomy":"compatibilite_smartphone","embeddable":true,"href":"https:\/\/stage.shop-cellularswiss.ch\/de\/wp-json\/wp\/v2\/compatibilite_smartphone?post=65433"}],"curies":[{"name":"wp","href":"https:\/\/api.w.org\/{rel}","templated":true}]}}