
{"id":65434,"date":"2021-09-23T14:01:52","date_gmt":"2021-09-23T12:19:00","guid":{"rendered":"https:\/\/stage.shop-cellularswiss.ch\/produit\/usb-charger-10w-usb-c\/"},"modified":"2021-09-23T14:19:02","modified_gmt":"2021-09-23T12:19:02","slug":"usb-charger-10w-usb-c","status":"publish","type":"product","link":"https:\/\/stage.shop-cellularswiss.ch\/de\/produit\/usb-charger-10w-usb-c\/","title":{"rendered":"USB Charger 10W &#8211; USB-C"},"content":{"rendered":"<p>USB CHARGER 10W ist das USB-C-Ladeger\u00e4t f\u00fcr die Grundaufladung aller mit einem USB-C-Anschluss ausgestatteten Ger\u00e4te. Die Aufladung kann bei einigen Telefonen je nach Ladetechnologie langsamer erfolgen. Im Lieferumfang ist ein USB-zu-USB-C-Kabel mit einer L\u00e4nge von 100 cm inbegriffen.<\/p>\n","protected":false},"excerpt":{"rendered":"<p>Netzladeger\u00e4t 10 W mit USB-C-Kabel<\/p>\n","protected":false},"featured_media":48634,"comment_status":"closed","ping_status":"closed","template":"","meta":{"_et_pb_use_builder":"","_et_pb_old_content":"","_et_gb_content_width":""},"pwb-brand":[],"product_cat":[1781,1784],"product_tag":[],"compatibilite":[],"compatibilite_smartphone":[],"brands":[],"_links":{"self":[{"href":"https:\/\/stage.shop-cellularswiss.ch\/de\/wp-json\/wp\/v2\/product\/65434"}],"collection":[{"href":"https:\/\/stage.shop-cellularswiss.ch\/de\/wp-json\/wp\/v2\/product"}],"about":[{"href":"https:\/\/stage.shop-cellularswiss.ch\/de\/wp-json\/wp\/v2\/types\/product"}],"replies":[{"embeddable":true,"href":"https:\/\/stage.shop-cellularswiss.ch\/de\/wp-json\/wp\/v2\/comments?post=65434"}],"wp:featuredmedia":[{"embeddable":true,"href":"https:\/\/stage.shop-cellularswiss.ch\/de\/wp-json\/wp\/v2\/media\/48634"}],"wp:attachment":[{"href":"https:\/\/stage.shop-cellularswiss.ch\/de\/wp-json\/wp\/v2\/media?parent=65434"}],"wp:term":[{"taxonomy":"pwb-brand","embeddable":true,"href":"https:\/\/stage.shop-cellularswiss.ch\/de\/wp-json\/wp\/v2\/pwb-brand?post=65434"},{"taxonomy":"product_cat","embeddable":true,"href":"https:\/\/stage.shop-cellularswiss.ch\/de\/wp-json\/wp\/v2\/product_cat?post=65434"},{"taxonomy":"product_tag","embeddable":true,"href":"https:\/\/stage.shop-cellularswiss.ch\/de\/wp-json\/wp\/v2\/product_tag?post=65434"},{"taxonomy":"compatibilite","embeddable":true,"href":"https:\/\/stage.shop-cellularswiss.ch\/de\/wp-json\/wp\/v2\/compatibilite?post=65434"},{"taxonomy":"compatibilite_smartphone","embeddable":true,"href":"https:\/\/stage.shop-cellularswiss.ch\/de\/wp-json\/wp\/v2\/compatibilite_smartphone?post=65434"}],"curies":[{"name":"wp","href":"https:\/\/api.w.org\/{rel}","templated":true}]}}