
{"id":65435,"date":"2021-09-23T14:01:55","date_gmt":"2021-09-23T12:19:00","guid":{"rendered":"https:\/\/stage.shop-cellularswiss.ch\/produit\/usb-c-charger-30w-ipad-pro-2018-and-macbook\/"},"modified":"2021-09-23T14:19:05","modified_gmt":"2021-09-23T12:19:05","slug":"usb-c-charger-30w-ipad-pro-2018-and-macbook","status":"publish","type":"product","link":"https:\/\/stage.shop-cellularswiss.ch\/de\/produit\/usb-c-charger-30w-ipad-pro-2018-and-macbook\/","title":{"rendered":"USB-C\u2122 Charger 30W &#8211; iPad Pro (2018) and MacBook"},"content":{"rendered":"<p>TYPE-C CHARGER PD 30W ist das Ladeger\u00e4t zum schnellen Aufladen des iPhone 8 und der sp\u00e4teren Modelle*, der neuen iPad Pro 11\u2019\u2019 (2018) und iPad Pro 12,9\u2019\u2019 (2018), MacBook 12\u2019\u2019 und MacBook Air 13\u2019\u2019 mit Retina-Display. Dank der Ladetechnologie Qualcomm\u00ae Quick Charge\u2122 4+ ist es m\u00f6glich, alle mit der Ladetechnologie Quick Charge\u2122 4+, Quick Charge\u2122 3.0 und Quick Charge\u2122 2.0 kompatiblen Ger\u00e4te bei der h\u00f6chsten Geschwindigkeit aufzuladen. Dank der Ladetechnologie Power Delivery kann man die mit dieser Technologie kompatiblen Ger\u00e4te bei der h\u00f6chsten Geschwindigkeit aufladen, darunter: iPhone 8 und sp\u00e4tere Modelle, iPad Pro (2018) und MacBook mit Typ-C-Buchse *Das Typ-C-zu-Lightning-Kabel und das Typ-C-zu-Typ-C-Kabel sind getrennt erh\u00e4ltlich. Es gibt keinerlei Abmachung, Lizenz oder Verbindung zwischen Cellularline S.p.A. und den in den Texten und Bildern dieser Website angegebenen Markeninhabern und Namen. Alle Telefonmarken, -namen und -modelle sind Eigentum der jeweiligen Inhaber. Qualcomm is a trademark of Qualcomm Incorporated, registered in the United States and other countries. Quick Charge is a trademark of Qualcomm Incorporated. Qualcomm Quick Charge is a product of Qualcomm Technologies, Inc. and\/or its subsidiaries.<\/p>\n","protected":false},"excerpt":{"rendered":"<p>Akkuladeger\u00e4t Power Delivery mit Typ-C-Buchse<\/p>\n","protected":false},"featured_media":0,"comment_status":"closed","ping_status":"closed","template":"","meta":{"_et_pb_use_builder":"","_et_pb_old_content":"","_et_gb_content_width":""},"pwb-brand":[],"product_cat":[1781,1784],"product_tag":[],"compatibilite":[],"compatibilite_smartphone":[],"brands":[],"_links":{"self":[{"href":"https:\/\/stage.shop-cellularswiss.ch\/de\/wp-json\/wp\/v2\/product\/65435"}],"collection":[{"href":"https:\/\/stage.shop-cellularswiss.ch\/de\/wp-json\/wp\/v2\/product"}],"about":[{"href":"https:\/\/stage.shop-cellularswiss.ch\/de\/wp-json\/wp\/v2\/types\/product"}],"replies":[{"embeddable":true,"href":"https:\/\/stage.shop-cellularswiss.ch\/de\/wp-json\/wp\/v2\/comments?post=65435"}],"wp:attachment":[{"href":"https:\/\/stage.shop-cellularswiss.ch\/de\/wp-json\/wp\/v2\/media?parent=65435"}],"wp:term":[{"taxonomy":"pwb-brand","embeddable":true,"href":"https:\/\/stage.shop-cellularswiss.ch\/de\/wp-json\/wp\/v2\/pwb-brand?post=65435"},{"taxonomy":"product_cat","embeddable":true,"href":"https:\/\/stage.shop-cellularswiss.ch\/de\/wp-json\/wp\/v2\/product_cat?post=65435"},{"taxonomy":"product_tag","embeddable":true,"href":"https:\/\/stage.shop-cellularswiss.ch\/de\/wp-json\/wp\/v2\/product_tag?post=65435"},{"taxonomy":"compatibilite","embeddable":true,"href":"https:\/\/stage.shop-cellularswiss.ch\/de\/wp-json\/wp\/v2\/compatibilite?post=65435"},{"taxonomy":"compatibilite_smartphone","embeddable":true,"href":"https:\/\/stage.shop-cellularswiss.ch\/de\/wp-json\/wp\/v2\/compatibilite_smartphone?post=65435"}],"curies":[{"name":"wp","href":"https:\/\/api.w.org\/{rel}","templated":true}]}}