
{"id":65436,"date":"2021-09-23T14:01:57","date_gmt":"2021-09-23T12:19:05","guid":{"rendered":"https:\/\/stage.shop-cellularswiss.ch\/produit\/fantasy\/"},"modified":"2021-09-23T14:19:19","modified_gmt":"2021-09-23T12:19:19","slug":"fantasy","status":"publish","type":"product","link":"https:\/\/stage.shop-cellularswiss.ch\/de\/produit\/fantasy\/","title":{"rendered":"FANTASY"},"content":{"rendered":"<p>Die Music Sound-Kopfh\u00f6rer sind f\u00fcr all diejenigen gedacht, die ein sch\u00f6nes, hochwertiges Produkt suchen. Die farbenfrohen Muster und das Design verleihen dem Headset einen gewagten Stil. Mit der Taste am Kabel k\u00f6nnen Sie Anrufe entgegennehmen, und das Mikrofon sorgt f\u00fcr eine klare und pr\u00e4zise Tonqualit\u00e4t.<\/p>\n","protected":false},"excerpt":{"rendered":"<p>Kabelgebundene Kopfh\u00f6rer mit Mikrofon<\/p>\n","protected":false},"featured_media":67006,"comment_status":"closed","ping_status":"closed","template":"","meta":{"_et_pb_use_builder":"","_et_pb_old_content":"","_et_gb_content_width":""},"pwb-brand":[],"product_cat":[472,489],"product_tag":[],"compatibilite":[],"compatibilite_smartphone":[4725],"brands":[],"_links":{"self":[{"href":"https:\/\/stage.shop-cellularswiss.ch\/de\/wp-json\/wp\/v2\/product\/65436"}],"collection":[{"href":"https:\/\/stage.shop-cellularswiss.ch\/de\/wp-json\/wp\/v2\/product"}],"about":[{"href":"https:\/\/stage.shop-cellularswiss.ch\/de\/wp-json\/wp\/v2\/types\/product"}],"replies":[{"embeddable":true,"href":"https:\/\/stage.shop-cellularswiss.ch\/de\/wp-json\/wp\/v2\/comments?post=65436"}],"wp:featuredmedia":[{"embeddable":true,"href":"https:\/\/stage.shop-cellularswiss.ch\/de\/wp-json\/wp\/v2\/media\/67006"}],"wp:attachment":[{"href":"https:\/\/stage.shop-cellularswiss.ch\/de\/wp-json\/wp\/v2\/media?parent=65436"}],"wp:term":[{"taxonomy":"pwb-brand","embeddable":true,"href":"https:\/\/stage.shop-cellularswiss.ch\/de\/wp-json\/wp\/v2\/pwb-brand?post=65436"},{"taxonomy":"product_cat","embeddable":true,"href":"https:\/\/stage.shop-cellularswiss.ch\/de\/wp-json\/wp\/v2\/product_cat?post=65436"},{"taxonomy":"product_tag","embeddable":true,"href":"https:\/\/stage.shop-cellularswiss.ch\/de\/wp-json\/wp\/v2\/product_tag?post=65436"},{"taxonomy":"compatibilite","embeddable":true,"href":"https:\/\/stage.shop-cellularswiss.ch\/de\/wp-json\/wp\/v2\/compatibilite?post=65436"},{"taxonomy":"compatibilite_smartphone","embeddable":true,"href":"https:\/\/stage.shop-cellularswiss.ch\/de\/wp-json\/wp\/v2\/compatibilite_smartphone?post=65436"}],"curies":[{"name":"wp","href":"https:\/\/api.w.org\/{rel}","templated":true}]}}