
{"id":65456,"date":"2021-09-23T14:19:49","date_gmt":"2021-09-23T12:19:49","guid":{"rendered":"https:\/\/stage.shop-cellularswiss.ch\/produit\/antartide-2\/"},"modified":"2021-09-23T14:19:52","modified_gmt":"2021-09-23T12:19:52","slug":"antartide-2","status":"publish","type":"product","link":"https:\/\/stage.shop-cellularswiss.ch\/de\/produit\/antartide-2\/","title":{"rendered":"Antartide"},"content":{"rendered":"<p>Antartide ist das Bluetooth-Headset f\u00fcr all jene, die auf tiefe, kraftvolle B\u00e4sse stehen. \u00dcber die Fernbedienung k\u00f6nnen Lautst\u00e4rke, Playlists und Anrufe bequem gesteuert werden. Die In-Ear-Kapsel sch\u00fctzt vor st\u00f6renden Au\u00dfenger\u00e4uschen, damit du dich ganz auf deine Musik konzentrieren kannst. Dar\u00fcber hinaus kannst du es nach dem Gebrauch dank Magnetverschluss bequem um den Hals tragen.<\/p>\n","protected":false},"excerpt":{"rendered":"<p>In-Ear-Bluetooth-Headset f\u00fcr definierte B\u00e4sse<\/p>\n","protected":false},"featured_media":35818,"comment_status":"closed","ping_status":"open","template":"","meta":{"_et_pb_use_builder":"","_et_pb_old_content":"","_et_gb_content_width":""},"pwb-brand":[],"product_cat":[472,474],"product_tag":[],"compatibilite":[],"compatibilite_smartphone":[4725],"brands":[],"_links":{"self":[{"href":"https:\/\/stage.shop-cellularswiss.ch\/de\/wp-json\/wp\/v2\/product\/65456"}],"collection":[{"href":"https:\/\/stage.shop-cellularswiss.ch\/de\/wp-json\/wp\/v2\/product"}],"about":[{"href":"https:\/\/stage.shop-cellularswiss.ch\/de\/wp-json\/wp\/v2\/types\/product"}],"replies":[{"embeddable":true,"href":"https:\/\/stage.shop-cellularswiss.ch\/de\/wp-json\/wp\/v2\/comments?post=65456"}],"wp:featuredmedia":[{"embeddable":true,"href":"https:\/\/stage.shop-cellularswiss.ch\/de\/wp-json\/wp\/v2\/media\/35818"}],"wp:attachment":[{"href":"https:\/\/stage.shop-cellularswiss.ch\/de\/wp-json\/wp\/v2\/media?parent=65456"}],"wp:term":[{"taxonomy":"pwb-brand","embeddable":true,"href":"https:\/\/stage.shop-cellularswiss.ch\/de\/wp-json\/wp\/v2\/pwb-brand?post=65456"},{"taxonomy":"product_cat","embeddable":true,"href":"https:\/\/stage.shop-cellularswiss.ch\/de\/wp-json\/wp\/v2\/product_cat?post=65456"},{"taxonomy":"product_tag","embeddable":true,"href":"https:\/\/stage.shop-cellularswiss.ch\/de\/wp-json\/wp\/v2\/product_tag?post=65456"},{"taxonomy":"compatibilite","embeddable":true,"href":"https:\/\/stage.shop-cellularswiss.ch\/de\/wp-json\/wp\/v2\/compatibilite?post=65456"},{"taxonomy":"compatibilite_smartphone","embeddable":true,"href":"https:\/\/stage.shop-cellularswiss.ch\/de\/wp-json\/wp\/v2\/compatibilite_smartphone?post=65456"}],"curies":[{"name":"wp","href":"https:\/\/api.w.org\/{rel}","templated":true}]}}