
{"id":65460,"date":"2021-09-23T14:03:01","date_gmt":"2021-09-23T12:20:00","guid":{"rendered":"https:\/\/stage.shop-cellularswiss.ch\/produit\/motion-in-ear-universal\/"},"modified":"2021-09-23T14:20:03","modified_gmt":"2021-09-23T12:20:03","slug":"motion-in-ear-universal","status":"publish","type":"product","link":"https:\/\/stage.shop-cellularswiss.ch\/de\/produit\/motion-in-ear-universal\/","title":{"rendered":"Motion In Ear &#8211; Universal"},"content":{"rendered":"<p>Das neue Bluetooth\u00ae-In-Ear-Headset mit Perfect-Fit-Technik und Mikrofon mit integrierter Anrufannahmetaste und Fernbedienung eignet sich perfekt zum Anh\u00f6ren deiner Lieblingsmusik und dem Telefonieren in absoluter Bewegungsfreiheit den ganzen Tag \u00fcber. Motion In-Ear verf\u00fcgt des Weiteren \u00fcber ein Headset mit magnetischem Verschluss, das leicht geschlossen werden kann, damit man es immer mit dabei haben kann. In zwei verschiedenen Farbt\u00f6nen verf\u00fcgbar.<\/p>\n","protected":false},"excerpt":{"rendered":"<p>Bluetooth\u00ae In-Ear-Stereo-Headset<\/p>\n","protected":false},"featured_media":64221,"comment_status":"closed","ping_status":"closed","template":"","meta":{"_et_pb_use_builder":"","_et_pb_old_content":"","_et_gb_content_width":""},"pwb-brand":[],"product_cat":[493,509],"product_tag":[],"compatibilite":[],"compatibilite_smartphone":[4725],"brands":[],"_links":{"self":[{"href":"https:\/\/stage.shop-cellularswiss.ch\/de\/wp-json\/wp\/v2\/product\/65460"}],"collection":[{"href":"https:\/\/stage.shop-cellularswiss.ch\/de\/wp-json\/wp\/v2\/product"}],"about":[{"href":"https:\/\/stage.shop-cellularswiss.ch\/de\/wp-json\/wp\/v2\/types\/product"}],"replies":[{"embeddable":true,"href":"https:\/\/stage.shop-cellularswiss.ch\/de\/wp-json\/wp\/v2\/comments?post=65460"}],"wp:featuredmedia":[{"embeddable":true,"href":"https:\/\/stage.shop-cellularswiss.ch\/de\/wp-json\/wp\/v2\/media\/64221"}],"wp:attachment":[{"href":"https:\/\/stage.shop-cellularswiss.ch\/de\/wp-json\/wp\/v2\/media?parent=65460"}],"wp:term":[{"taxonomy":"pwb-brand","embeddable":true,"href":"https:\/\/stage.shop-cellularswiss.ch\/de\/wp-json\/wp\/v2\/pwb-brand?post=65460"},{"taxonomy":"product_cat","embeddable":true,"href":"https:\/\/stage.shop-cellularswiss.ch\/de\/wp-json\/wp\/v2\/product_cat?post=65460"},{"taxonomy":"product_tag","embeddable":true,"href":"https:\/\/stage.shop-cellularswiss.ch\/de\/wp-json\/wp\/v2\/product_tag?post=65460"},{"taxonomy":"compatibilite","embeddable":true,"href":"https:\/\/stage.shop-cellularswiss.ch\/de\/wp-json\/wp\/v2\/compatibilite?post=65460"},{"taxonomy":"compatibilite_smartphone","embeddable":true,"href":"https:\/\/stage.shop-cellularswiss.ch\/de\/wp-json\/wp\/v2\/compatibilite_smartphone?post=65460"}],"curies":[{"name":"wp","href":"https:\/\/api.w.org\/{rel}","templated":true}]}}