
{"id":65468,"date":"2021-09-23T14:20:23","date_gmt":"2021-09-23T12:20:23","guid":{"rendered":"https:\/\/stage.shop-cellularswiss.ch\/produit\/earphones-bt-tws-virtue\/"},"modified":"2021-09-23T14:20:25","modified_gmt":"2021-09-23T12:20:25","slug":"earphones-bt-tws-virtue","status":"publish","type":"product","link":"https:\/\/stage.shop-cellularswiss.ch\/de\/produit\/earphones-bt-tws-virtue\/","title":{"rendered":"Earphones BT TWS Virtue"},"content":{"rendered":"<p>Virtue ist das Headset von Altec Lansing f\u00fcr alle Musikliebhaber und f\u00fcr Menschen auf der Suche nach hochwertiger Klangqualit\u00e4t. Die Schutzh\u00fclle erm\u00f6glicht es, Virtue bis zu 4 Mal f\u00fcr insgesamt 50 Stunden Akkulaufzeit aufzuladen. Der im Lieferumfang inbegriffene Wireless Charger erm\u00f6glicht das bequeme kabellose Aufladen von Virtue. Mit der Technologie Microban werden bis zu 99,9 % der Bakterien auf der Oberfl\u00e4che von Headset und Wireless Charger beseitigt. Das doppelte Mikrofon in beiden Kopfh\u00f6rern stellt eine klare und saubere Klangqualit\u00e4t sicher.<\/p>\n","protected":false},"excerpt":{"rendered":"<p>Bluetooth-Headset mit kabellosem Ladeger\u00e4t<\/p>\n","protected":false},"featured_media":64393,"comment_status":"closed","ping_status":"open","template":"","meta":{"_et_pb_use_builder":"","_et_pb_old_content":"","_et_gb_content_width":""},"pwb-brand":[],"product_cat":[472,474],"product_tag":[],"compatibilite":[],"compatibilite_smartphone":[4725],"brands":[],"_links":{"self":[{"href":"https:\/\/stage.shop-cellularswiss.ch\/de\/wp-json\/wp\/v2\/product\/65468"}],"collection":[{"href":"https:\/\/stage.shop-cellularswiss.ch\/de\/wp-json\/wp\/v2\/product"}],"about":[{"href":"https:\/\/stage.shop-cellularswiss.ch\/de\/wp-json\/wp\/v2\/types\/product"}],"replies":[{"embeddable":true,"href":"https:\/\/stage.shop-cellularswiss.ch\/de\/wp-json\/wp\/v2\/comments?post=65468"}],"wp:featuredmedia":[{"embeddable":true,"href":"https:\/\/stage.shop-cellularswiss.ch\/de\/wp-json\/wp\/v2\/media\/64393"}],"wp:attachment":[{"href":"https:\/\/stage.shop-cellularswiss.ch\/de\/wp-json\/wp\/v2\/media?parent=65468"}],"wp:term":[{"taxonomy":"pwb-brand","embeddable":true,"href":"https:\/\/stage.shop-cellularswiss.ch\/de\/wp-json\/wp\/v2\/pwb-brand?post=65468"},{"taxonomy":"product_cat","embeddable":true,"href":"https:\/\/stage.shop-cellularswiss.ch\/de\/wp-json\/wp\/v2\/product_cat?post=65468"},{"taxonomy":"product_tag","embeddable":true,"href":"https:\/\/stage.shop-cellularswiss.ch\/de\/wp-json\/wp\/v2\/product_tag?post=65468"},{"taxonomy":"compatibilite","embeddable":true,"href":"https:\/\/stage.shop-cellularswiss.ch\/de\/wp-json\/wp\/v2\/compatibilite?post=65468"},{"taxonomy":"compatibilite_smartphone","embeddable":true,"href":"https:\/\/stage.shop-cellularswiss.ch\/de\/wp-json\/wp\/v2\/compatibilite_smartphone?post=65468"}],"curies":[{"name":"wp","href":"https:\/\/api.w.org\/{rel}","templated":true}]}}