
{"id":65470,"date":"2021-09-23T14:03:30","date_gmt":"2021-09-23T12:20:28","guid":{"rendered":"https:\/\/stage.shop-cellularswiss.ch\/produit\/clear-duo-s10\/"},"modified":"2021-09-23T14:20:30","modified_gmt":"2021-09-23T12:20:30","slug":"clear-duo-s10","status":"publish","type":"product","link":"https:\/\/stage.shop-cellularswiss.ch\/de\/produit\/clear-duo-s10\/","title":{"rendered":"Clear Duo &#8211; S10+"},"content":{"rendered":"<p>Transparente starre Schutzh\u00fclle mit Gummir\u00e4ndern, die St\u00f6\u00dfe aufnimmt und einen besonders guten Schutz des Smartphones gew\u00e4hrleistet. Ultra-widerstandsf\u00e4hig, mit MilitaryTest Zertifizierung, sch\u00fctzt es das Smartphone vor St\u00f6\u00dfen und Kratzern, w\u00e4hrend das Design unver\u00e4ndert bleibt. Clear Duo hat eine lebenslange Garantie: Weitere Informationen finden Sie im Bereich Guaranteed For Life von Cellularline.<\/p>\n","protected":false},"excerpt":{"rendered":"<p>Starre Schutzh\u00fclle mit Gummir\u00e4ndern<\/p>\n","protected":false},"featured_media":64421,"comment_status":"closed","ping_status":"closed","template":"","meta":{"_et_pb_use_builder":"","_et_pb_old_content":"","_et_gb_content_width":""},"pwb-brand":[],"product_cat":[542,559],"product_tag":[],"compatibilite":[],"compatibilite_smartphone":[4401],"brands":[],"_links":{"self":[{"href":"https:\/\/stage.shop-cellularswiss.ch\/de\/wp-json\/wp\/v2\/product\/65470"}],"collection":[{"href":"https:\/\/stage.shop-cellularswiss.ch\/de\/wp-json\/wp\/v2\/product"}],"about":[{"href":"https:\/\/stage.shop-cellularswiss.ch\/de\/wp-json\/wp\/v2\/types\/product"}],"replies":[{"embeddable":true,"href":"https:\/\/stage.shop-cellularswiss.ch\/de\/wp-json\/wp\/v2\/comments?post=65470"}],"wp:featuredmedia":[{"embeddable":true,"href":"https:\/\/stage.shop-cellularswiss.ch\/de\/wp-json\/wp\/v2\/media\/64421"}],"wp:attachment":[{"href":"https:\/\/stage.shop-cellularswiss.ch\/de\/wp-json\/wp\/v2\/media?parent=65470"}],"wp:term":[{"taxonomy":"pwb-brand","embeddable":true,"href":"https:\/\/stage.shop-cellularswiss.ch\/de\/wp-json\/wp\/v2\/pwb-brand?post=65470"},{"taxonomy":"product_cat","embeddable":true,"href":"https:\/\/stage.shop-cellularswiss.ch\/de\/wp-json\/wp\/v2\/product_cat?post=65470"},{"taxonomy":"product_tag","embeddable":true,"href":"https:\/\/stage.shop-cellularswiss.ch\/de\/wp-json\/wp\/v2\/product_tag?post=65470"},{"taxonomy":"compatibilite","embeddable":true,"href":"https:\/\/stage.shop-cellularswiss.ch\/de\/wp-json\/wp\/v2\/compatibilite?post=65470"},{"taxonomy":"compatibilite_smartphone","embeddable":true,"href":"https:\/\/stage.shop-cellularswiss.ch\/de\/wp-json\/wp\/v2\/compatibilite_smartphone?post=65470"}],"curies":[{"name":"wp","href":"https:\/\/api.w.org\/{rel}","templated":true}]}}