
{"id":65473,"date":"2021-09-23T14:03:38","date_gmt":"2021-09-23T12:20:32","guid":{"rendered":"https:\/\/stage.shop-cellularswiss.ch\/produit\/clear-strong-iphone-13-pro\/"},"modified":"2022-04-04T12:00:53","modified_gmt":"2022-04-04T10:00:53","slug":"clear-strong-iphone-13-pro","status":"publish","type":"product","link":"https:\/\/stage.shop-cellularswiss.ch\/de\/produit\/clear-strong-iphone-13-pro\/","title":{"rendered":"Clear Strong &#8211; iPhone 13 Pro"},"content":{"rendered":"<p>Transparente starre Schutzh\u00fclle mit Gummir\u00e4ndern, die St\u00f6\u00dfe aufnimmt und einen besonders guten Schutz des Smartphones gew\u00e4hrleistet. Ultra-widerstandsf\u00e4hig, mit MilitaryTest Zertifizierung, sch\u00fctzt es das Smartphone vor St\u00f6\u00dfen und Kratzern, w\u00e4hrend das Design unver\u00e4ndert bleibt. Die in der H\u00fclle integrierte antibakterielle Formel wirkt kontinuierlich, eliminiert 99,9 % der Bakterien von der behandelten Oberfl\u00e4che und verhindert deren Vermehrung.Clear Strong hat eine lebenslange Garantie: Weitere Informationen finden Sie im Bereich Guaranteed For Life von Cellularline.<\/p>\n","protected":false},"excerpt":{"rendered":"<p>Starre Schutzh\u00fclle mit Gummir\u00e4ndern &#8211; mit integrierter antibakterieller Technologie<\/p>\n","protected":false},"featured_media":66091,"comment_status":"closed","ping_status":"closed","template":"","meta":{"_et_pb_use_builder":"","_et_pb_old_content":"","_et_gb_content_width":""},"pwb-brand":[],"product_cat":[542,559],"product_tag":[],"compatibilite":[],"compatibilite_smartphone":[4730],"brands":[],"_links":{"self":[{"href":"https:\/\/stage.shop-cellularswiss.ch\/de\/wp-json\/wp\/v2\/product\/65473"}],"collection":[{"href":"https:\/\/stage.shop-cellularswiss.ch\/de\/wp-json\/wp\/v2\/product"}],"about":[{"href":"https:\/\/stage.shop-cellularswiss.ch\/de\/wp-json\/wp\/v2\/types\/product"}],"replies":[{"embeddable":true,"href":"https:\/\/stage.shop-cellularswiss.ch\/de\/wp-json\/wp\/v2\/comments?post=65473"}],"wp:featuredmedia":[{"embeddable":true,"href":"https:\/\/stage.shop-cellularswiss.ch\/de\/wp-json\/wp\/v2\/media\/66091"}],"wp:attachment":[{"href":"https:\/\/stage.shop-cellularswiss.ch\/de\/wp-json\/wp\/v2\/media?parent=65473"}],"wp:term":[{"taxonomy":"pwb-brand","embeddable":true,"href":"https:\/\/stage.shop-cellularswiss.ch\/de\/wp-json\/wp\/v2\/pwb-brand?post=65473"},{"taxonomy":"product_cat","embeddable":true,"href":"https:\/\/stage.shop-cellularswiss.ch\/de\/wp-json\/wp\/v2\/product_cat?post=65473"},{"taxonomy":"product_tag","embeddable":true,"href":"https:\/\/stage.shop-cellularswiss.ch\/de\/wp-json\/wp\/v2\/product_tag?post=65473"},{"taxonomy":"compatibilite","embeddable":true,"href":"https:\/\/stage.shop-cellularswiss.ch\/de\/wp-json\/wp\/v2\/compatibilite?post=65473"},{"taxonomy":"compatibilite_smartphone","embeddable":true,"href":"https:\/\/stage.shop-cellularswiss.ch\/de\/wp-json\/wp\/v2\/compatibilite_smartphone?post=65473"}],"curies":[{"name":"wp","href":"https:\/\/api.w.org\/{rel}","templated":true}]}}