
{"id":65479,"date":"2021-09-23T14:03:53","date_gmt":"2021-09-23T12:20:47","guid":{"rendered":"https:\/\/stage.shop-cellularswiss.ch\/produit\/eye-defend-iphone-13-13-pro\/"},"modified":"2021-09-23T14:20:53","modified_gmt":"2021-09-23T12:20:53","slug":"eye-defend-iphone-13-13-pro","status":"publish","type":"product","link":"https:\/\/stage.shop-cellularswiss.ch\/de\/produit\/eye-defend-iphone-13-13-pro\/","title":{"rendered":"Eye Defend &#8211; iPhone 13 \/ 13 Pro"},"content":{"rendered":"<p>Das geh\u00e4rtete Glas Eye Defend bietet aktiven Schutz gegen die sch\u00e4dlichen Auswirkungen des Blaulichts. Reduziert den digitalen Augenstress und beugt Reizungen und Trockenheit der Augen, Kopfschmerzen und Schlafst\u00f6rungen vor. Es besch\u00fctzt nicht nur die Augen, sondern dank der Sto\u00df- und Kratzschutzfunktion auch das Smartphone.<\/p>\n","protected":false},"excerpt":{"rendered":"<p>Geh\u00e4rtetes Glas mit Blaulichtfilter.<\/p>\n","protected":false},"featured_media":66157,"comment_status":"closed","ping_status":"closed","template":"","meta":{"_et_pb_use_builder":"","_et_pb_old_content":"","_et_gb_content_width":""},"pwb-brand":[],"product_cat":[542,549],"product_tag":[],"compatibilite":[],"compatibilite_smartphone":[4744,4733,4729],"brands":[],"_links":{"self":[{"href":"https:\/\/stage.shop-cellularswiss.ch\/de\/wp-json\/wp\/v2\/product\/65479"}],"collection":[{"href":"https:\/\/stage.shop-cellularswiss.ch\/de\/wp-json\/wp\/v2\/product"}],"about":[{"href":"https:\/\/stage.shop-cellularswiss.ch\/de\/wp-json\/wp\/v2\/types\/product"}],"replies":[{"embeddable":true,"href":"https:\/\/stage.shop-cellularswiss.ch\/de\/wp-json\/wp\/v2\/comments?post=65479"}],"wp:featuredmedia":[{"embeddable":true,"href":"https:\/\/stage.shop-cellularswiss.ch\/de\/wp-json\/wp\/v2\/media\/66157"}],"wp:attachment":[{"href":"https:\/\/stage.shop-cellularswiss.ch\/de\/wp-json\/wp\/v2\/media?parent=65479"}],"wp:term":[{"taxonomy":"pwb-brand","embeddable":true,"href":"https:\/\/stage.shop-cellularswiss.ch\/de\/wp-json\/wp\/v2\/pwb-brand?post=65479"},{"taxonomy":"product_cat","embeddable":true,"href":"https:\/\/stage.shop-cellularswiss.ch\/de\/wp-json\/wp\/v2\/product_cat?post=65479"},{"taxonomy":"product_tag","embeddable":true,"href":"https:\/\/stage.shop-cellularswiss.ch\/de\/wp-json\/wp\/v2\/product_tag?post=65479"},{"taxonomy":"compatibilite","embeddable":true,"href":"https:\/\/stage.shop-cellularswiss.ch\/de\/wp-json\/wp\/v2\/compatibilite?post=65479"},{"taxonomy":"compatibilite_smartphone","embeddable":true,"href":"https:\/\/stage.shop-cellularswiss.ch\/de\/wp-json\/wp\/v2\/compatibilite_smartphone?post=65479"}],"curies":[{"name":"wp","href":"https:\/\/api.w.org\/{rel}","templated":true}]}}