
{"id":65493,"date":"2021-09-23T14:04:26","date_gmt":"2021-09-23T12:21:20","guid":{"rendered":"https:\/\/stage.shop-cellularswiss.ch\/produit\/gloss-iphone-13\/"},"modified":"2021-09-23T14:21:25","modified_gmt":"2021-09-23T12:21:25","slug":"gloss-iphone-13","status":"publish","type":"product","link":"https:\/\/stage.shop-cellularswiss.ch\/de\/produit\/gloss-iphone-13\/","title":{"rendered":"Gloss &#8211; iPhone 13"},"content":{"rendered":"<p>Gloss ist die transparente L\u00f6sung aus Doppelmaterial, TPU und Polycarbonat. Damit bietet diese H\u00fclle sehr hohen Schutz und Widerstandsf\u00e4higkeit und verf\u00fcgt \u00fcber ein Military Test Pr\u00fcfzertifikat. Die Schutzh\u00fclle umschlie\u00dft das Smartphone ideal und sch\u00fctzt die Kanten und Tasten, ohne das Design zu ver\u00e4ndern. Das Au\u00dfenfinish bietet einen guten Grip der Schutzh\u00fclle und einen h\u00f6heren Schutz vor Kratzern. Sie nutzt die antibakterielle Technologie Microban\u00ae, die das Bakterienwachstum auf der Oberfl\u00e4che der H\u00fclle um bis zu 99,9% reduziert und dank der Integration in das Material von Gloss st\u00e4ndig aktiv ist. Gloss hat eine lebenslange Garantie: Weitere Informationen findest du im Bereich Guaranteed For Life von Cellularline.<\/p>\n","protected":false},"excerpt":{"rendered":"<p>Transparente ultrastabile Schutzh\u00fclle mit Kratzschutzfinish &#8211; mit integrierter antibakterieller Technologie Microban\u00ae<\/p>\n","protected":false},"featured_media":66189,"comment_status":"closed","ping_status":"closed","template":"","meta":{"_et_pb_use_builder":"","_et_pb_old_content":"","_et_gb_content_width":""},"pwb-brand":[],"product_cat":[542,559],"product_tag":[],"compatibilite":[],"compatibilite_smartphone":[4726],"brands":[],"_links":{"self":[{"href":"https:\/\/stage.shop-cellularswiss.ch\/de\/wp-json\/wp\/v2\/product\/65493"}],"collection":[{"href":"https:\/\/stage.shop-cellularswiss.ch\/de\/wp-json\/wp\/v2\/product"}],"about":[{"href":"https:\/\/stage.shop-cellularswiss.ch\/de\/wp-json\/wp\/v2\/types\/product"}],"replies":[{"embeddable":true,"href":"https:\/\/stage.shop-cellularswiss.ch\/de\/wp-json\/wp\/v2\/comments?post=65493"}],"wp:featuredmedia":[{"embeddable":true,"href":"https:\/\/stage.shop-cellularswiss.ch\/de\/wp-json\/wp\/v2\/media\/66189"}],"wp:attachment":[{"href":"https:\/\/stage.shop-cellularswiss.ch\/de\/wp-json\/wp\/v2\/media?parent=65493"}],"wp:term":[{"taxonomy":"pwb-brand","embeddable":true,"href":"https:\/\/stage.shop-cellularswiss.ch\/de\/wp-json\/wp\/v2\/pwb-brand?post=65493"},{"taxonomy":"product_cat","embeddable":true,"href":"https:\/\/stage.shop-cellularswiss.ch\/de\/wp-json\/wp\/v2\/product_cat?post=65493"},{"taxonomy":"product_tag","embeddable":true,"href":"https:\/\/stage.shop-cellularswiss.ch\/de\/wp-json\/wp\/v2\/product_tag?post=65493"},{"taxonomy":"compatibilite","embeddable":true,"href":"https:\/\/stage.shop-cellularswiss.ch\/de\/wp-json\/wp\/v2\/compatibilite?post=65493"},{"taxonomy":"compatibilite_smartphone","embeddable":true,"href":"https:\/\/stage.shop-cellularswiss.ch\/de\/wp-json\/wp\/v2\/compatibilite_smartphone?post=65493"}],"curies":[{"name":"wp","href":"https:\/\/api.w.org\/{rel}","templated":true}]}}