
{"id":65498,"date":"2021-09-23T14:04:39","date_gmt":"2021-09-23T12:21:34","guid":{"rendered":"https:\/\/stage.shop-cellularswiss.ch\/produit\/handy-case-iphone-13\/"},"modified":"2021-09-23T14:21:36","modified_gmt":"2021-09-23T12:21:36","slug":"handy-case-iphone-13","status":"publish","type":"product","link":"https:\/\/stage.shop-cellularswiss.ch\/de\/produit\/handy-case-iphone-13\/","title":{"rendered":"Handy Case &#8211; iPhone 13"},"content":{"rendered":"<p>Die Schutzh\u00fclle HANDY CASE ist mit einem verstellbaren Riemen zum einfacheren Halten des Smartphones sowie einem praktischen Armband ausgestattet. Das Band dient auch als praktischer St\u00e4nder, um bequem Videos zu schauen. Eine neue L\u00f6sung, die Funktionalit\u00e4t und Stil vereint.<\/p>\n","protected":false},"excerpt":{"rendered":"<p>Schutzh\u00fclle mit verstellbarem Riemen und Armband<\/p>\n","protected":false},"featured_media":66205,"comment_status":"closed","ping_status":"closed","template":"","meta":{"_et_pb_use_builder":"","_et_pb_old_content":"","_et_gb_content_width":""},"pwb-brand":[],"product_cat":[542,559],"product_tag":[],"compatibilite":[],"compatibilite_smartphone":[4726],"brands":[],"_links":{"self":[{"href":"https:\/\/stage.shop-cellularswiss.ch\/de\/wp-json\/wp\/v2\/product\/65498"}],"collection":[{"href":"https:\/\/stage.shop-cellularswiss.ch\/de\/wp-json\/wp\/v2\/product"}],"about":[{"href":"https:\/\/stage.shop-cellularswiss.ch\/de\/wp-json\/wp\/v2\/types\/product"}],"replies":[{"embeddable":true,"href":"https:\/\/stage.shop-cellularswiss.ch\/de\/wp-json\/wp\/v2\/comments?post=65498"}],"wp:featuredmedia":[{"embeddable":true,"href":"https:\/\/stage.shop-cellularswiss.ch\/de\/wp-json\/wp\/v2\/media\/66205"}],"wp:attachment":[{"href":"https:\/\/stage.shop-cellularswiss.ch\/de\/wp-json\/wp\/v2\/media?parent=65498"}],"wp:term":[{"taxonomy":"pwb-brand","embeddable":true,"href":"https:\/\/stage.shop-cellularswiss.ch\/de\/wp-json\/wp\/v2\/pwb-brand?post=65498"},{"taxonomy":"product_cat","embeddable":true,"href":"https:\/\/stage.shop-cellularswiss.ch\/de\/wp-json\/wp\/v2\/product_cat?post=65498"},{"taxonomy":"product_tag","embeddable":true,"href":"https:\/\/stage.shop-cellularswiss.ch\/de\/wp-json\/wp\/v2\/product_tag?post=65498"},{"taxonomy":"compatibilite","embeddable":true,"href":"https:\/\/stage.shop-cellularswiss.ch\/de\/wp-json\/wp\/v2\/compatibilite?post=65498"},{"taxonomy":"compatibilite_smartphone","embeddable":true,"href":"https:\/\/stage.shop-cellularswiss.ch\/de\/wp-json\/wp\/v2\/compatibilite_smartphone?post=65498"}],"curies":[{"name":"wp","href":"https:\/\/api.w.org\/{rel}","templated":true}]}}