
{"id":65501,"date":"2021-09-23T14:04:46","date_gmt":"2021-09-23T12:21:38","guid":{"rendered":"https:\/\/stage.shop-cellularswiss.ch\/produit\/live-2\/"},"modified":"2021-09-23T14:21:44","modified_gmt":"2021-09-23T12:21:44","slug":"live-2","status":"publish","type":"product","link":"https:\/\/stage.shop-cellularswiss.ch\/de\/produit\/live-2\/","title":{"rendered":"Live+"},"content":{"rendered":"<p>Live+ ist das ideale Headset mit ovalem Kapseldesign f\u00fcr all jene, die auf kraftvolle, definierte B\u00e4sse Wert legen. Die Streaming Top Sound Technology erm\u00f6glicht die Musikwiedergabe in optimaler Klangqualit\u00e4t \u2013 auch beim Streaming \u2013 und macht das Headset Live+ zum perfekten Begleiter f\u00fcr jeden, der ein Top-H\u00f6rerlebnis mit dem Smartphone erreichen m\u00f6chte. Dank Universal-Fernbedienung k\u00f6nnen die Lautst\u00e4rke und die abgespielten Musiktitel jederzeit ge\u00e4ndert werden. Zus\u00e4tzlich k\u00f6nnen \u00fcber das Mikrofon mit integrierter Rufannahmetaste eingehende Anrufe leicht und schnell mit einem einfachen Klick angenommen werden.<\/p>\n","protected":false},"excerpt":{"rendered":"<p>Kapsel-Headset mit Pump-Bass-Technologie und Fernbedienung<\/p>\n","protected":false},"featured_media":64673,"comment_status":"closed","ping_status":"closed","template":"","meta":{"_et_pb_use_builder":"","_et_pb_old_content":"","_et_gb_content_width":""},"pwb-brand":[],"product_cat":[472,489],"product_tag":[],"compatibilite":[],"compatibilite_smartphone":[4725],"brands":[],"_links":{"self":[{"href":"https:\/\/stage.shop-cellularswiss.ch\/de\/wp-json\/wp\/v2\/product\/65501"}],"collection":[{"href":"https:\/\/stage.shop-cellularswiss.ch\/de\/wp-json\/wp\/v2\/product"}],"about":[{"href":"https:\/\/stage.shop-cellularswiss.ch\/de\/wp-json\/wp\/v2\/types\/product"}],"replies":[{"embeddable":true,"href":"https:\/\/stage.shop-cellularswiss.ch\/de\/wp-json\/wp\/v2\/comments?post=65501"}],"wp:featuredmedia":[{"embeddable":true,"href":"https:\/\/stage.shop-cellularswiss.ch\/de\/wp-json\/wp\/v2\/media\/64673"}],"wp:attachment":[{"href":"https:\/\/stage.shop-cellularswiss.ch\/de\/wp-json\/wp\/v2\/media?parent=65501"}],"wp:term":[{"taxonomy":"pwb-brand","embeddable":true,"href":"https:\/\/stage.shop-cellularswiss.ch\/de\/wp-json\/wp\/v2\/pwb-brand?post=65501"},{"taxonomy":"product_cat","embeddable":true,"href":"https:\/\/stage.shop-cellularswiss.ch\/de\/wp-json\/wp\/v2\/product_cat?post=65501"},{"taxonomy":"product_tag","embeddable":true,"href":"https:\/\/stage.shop-cellularswiss.ch\/de\/wp-json\/wp\/v2\/product_tag?post=65501"},{"taxonomy":"compatibilite","embeddable":true,"href":"https:\/\/stage.shop-cellularswiss.ch\/de\/wp-json\/wp\/v2\/compatibilite?post=65501"},{"taxonomy":"compatibilite_smartphone","embeddable":true,"href":"https:\/\/stage.shop-cellularswiss.ch\/de\/wp-json\/wp\/v2\/compatibilite_smartphone?post=65501"}],"curies":[{"name":"wp","href":"https:\/\/api.w.org\/{rel}","templated":true}]}}